{"id":12,"date":"2025-10-09T09:50:28","date_gmt":"2025-10-09T09:50:28","guid":{"rendered":"https:\/\/hostsalt.com\/?page_id=12"},"modified":"2026-01-17T22:15:34","modified_gmt":"2026-01-17T22:15:34","slug":"uber","status":"publish","type":"page","link":"https:\/\/hostsalt.com\/de\/about\/","title":{"rendered":"\u00dcber"},"content":{"rendered":"<section class=\"bde-section-12-246 bde-section\">\n  \n  \n\t\n\n\n\n<div class=\"section-container\"><div class=\"bde-columns-12-247 bde-columns\"><div class=\"bde-column-12-248 bde-column\">\n  \n  \n\t\n\n\n\n<div class=\"bde-text-12-249 bde-text bde-preset-57b0b835-f44e-4f87-9194-600921eaf12e\">\n\u00dcber HostSalt<br>\n<\/div><h1 class=\"bde-dual-heading-12-250 bde-dual-heading\">\n\n\n            <span data-style=\"primary\" class=\"dual-heading--primary\">Die Stromversorgung <br><\/span>\n\n            <span data-style=\"secondary\" class=\"dual-heading--secondary\">Digitale Tr\u00e4ume <\/span>\n\n\n\n<\/h1><div class=\"bde-text-12-251 bde-text\">\nHostSalt, powered by Bold &amp; Digital, ist ein Boutique-Managed-Hosting-Anbieter, der sich f\u00fcr Sie um Leistung, Sicherheit und Betriebszeit k\u00fcmmert. Anstatt Server zu lernen, w\u00e4hlen Sie einen Plan, wir k\u00fcmmern uns um die Einrichtung, und Ihre Website l\u00e4uft auf einer schnellen, sicheren Cloud-Infrastruktur.\n<\/div><div class=\"bde-div-12-252 bde-div\">\n  \n  \n\t\n\n\n\n<div class=\"bde-button-12-253 bde-button\">\n        \n    \n    \n    \n    \n            \n            <button type=\"button\" class=\"button-atom button-atom--primary bde-button__button\"  >\n    \n        <span class=\"button-atom__text\">Jetzt loslegen<\/span>\n\n        \n        \n            <\/button>\n    \n\n\n<\/div>\n<\/div>\n<\/div><div class=\"bde-column-12-254 bde-column\">\n  \n  \n\t\n\n\n\n<img decoding=\"async\" class=\"bde-image2-12-255 bde-image2\" src=\"https:\/\/hostsalt.com\/wp-content\/uploads\/2025\/12\/hostsalt-city-about.svg\" alt=\"Hostalt \u00dcber uns Stadt\" title=\"\">\n<\/div><\/div><\/div>\n<\/section><main class=\"bde-section-12-256 bde-section\">\n  \n  \n\t\n\n\n\n<div class=\"section-container\"><div class=\"bde-columns-12-257 bde-columns\"><div class=\"bde-column-12-258 bde-column\">\n  \n  \n\t\n\n\n\n<h2 class=\"bde-heading-12-259 bde-heading\">\nUnsere Geschichte\n<\/h2><div class=\"bde-rich-text-12-260 bde-rich-text breakdance-rich-text-styles\">\n<p>HostSalt wurde f\u00fcr Gesch\u00e4ftsinhaber entwickelt, die Premium-Hosting w\u00fcnschen, ohne Sysadmins zu werden.<\/p>\n<p>HostSalt wurde 2021 mit einer einfachen Mission gegr\u00fcndet: professionelles, schnelles und sicheres Hosting f\u00fcr kleine Unternehmen, Agenturen und Kreative, die nicht im Terminal leben, zug\u00e4nglich zu machen. Was mit einem kleinen Team von Hosting- und E-Commerce-Spezialisten begann, hat sich zu einem globalen Anbieter entwickelt, der \u00fcber 1.000 Kunden in Europa, den USA und Lateinamerika betreut.<\/p>\n<p>Durch unsere Partnerschaft mit\u00a0<a class=\"reset interactable cursor-pointer decoration-1 underline-offset-1 text-super hover:underline font-semibold\" href=\"https:\/\/boldandigital.com\/\" target=\"_blank\" rel=\"nofollow noopener\"><span class=\"text-box-trim-both\">Mutig und digital<\/span><\/a>, kombinieren wir fundiertes technisches Fachwissen mit Design- und Marketingerfahrung. Das bedeutet, dass Ihr Hosting nicht nur stabil ist, sondern auch dazu beitr\u00e4gt, dass Ihre Website schnell l\u00e4dt, besser rangiert und mehr Besucher in Kunden umwandelt.<\/p>\n<p>Heute betreiben wir unsere eigene moderne Cloud-Infrastruktur in mehreren Rechenzentren auf der ganzen Welt. Ihre Website wird in der N\u00e4he Ihres Publikums gehostet, mit NVMe-Speicher, LiteSpeed und einer auf Sicherheit ausgerichteten Einrichtung, unterst\u00fctzt von einem 24\/7-Supportteam, das tats\u00e4chlich antwortet.<\/p>\n<\/div>\n<\/div><div class=\"bde-column-12-261 bde-column\">\n  \n  \n\t\n\n\n\n<div class=\"bde-div-12-262 bde-div\">\n  \n  \n\t\n\n\n\n<div class=\"bde-icon-list-12-263 bde-icon-list bde-icon-list--background\">\n<ul>\n  \n              \n    <li>\n              <div class='bde-icon-list__item-wrapper'>\n      \n      <span class='bde-icon-list__icon' aria-hidden='true'>\n        <svg xmlns=\"http:\/\/www.w3.org\/2000\/svg\" viewbox=\"0 0 512 512\"><!--! Font Awesome Free 6.5.1 by @fontawesome - https:\/\/fontawesome.com License - https:\/\/fontawesome.com\/license\/free (Icons: CC BY 4.0, Fonts: SIL OFL 1.1, Code: MIT License) Copyright 2023 Fonticons, Inc. --><path d=\"M448 256A192 192 0 1 0 64 256a192 192 0 1 0 384 0zM0 256a256 256 0 1 1 512 0A256 256 0 1 1 0 256zm256 80a80 80 0 1 0 0-160 80 80 0 1 0 0 160zm0-224a144 144 0 1 1 0 288 144 144 0 1 1 0-288zM224 256a32 32 0 1 1 64 0 32 32 0 1 1 -64 0z\"\/><\/svg>\n      <\/span>\n      <span class='bde-icon-list__text' >\n      Unsere Mission\n      <\/span>\n              <\/div>\n      \n    <\/li>\n\n  <\/ul>\n\n<\/div><div class=\"bde-text-12-264 bde-text\">\nWir bieten erstklassiges gemanagtes Hosting, mit dem Privatpersonen und Unternehmen online aufbauen, wachsen und skalieren k\u00f6nnen, ohne sich Gedanken \u00fcber Server, Updates oder Ausfallzeiten machen zu m\u00fcssen. Wir glauben, dass jede ernstzunehmende Website ein schnelles, sicheres und zuverl\u00e4ssiges Hosting mit menschlichem Support verdient, wenn es darauf ankommt.\n<\/div><div class=\"bde-grid-12-265 bde-grid\">\n  \n  \n\t\n\n\n\n<div class=\"bde-icon-box-12-266 bde-icon-box\">\n\n    \n            <div class=\"ee-iconbox-icon breakdance-icon-atom\" >\n    \n                    <svg xmlns=\"http:\/\/www.w3.org\/2000\/svg\" viewbox=\"0 0 640 512\"><!--! Font Awesome Free 6.5.1 by @fontawesome - https:\/\/fontawesome.com License - https:\/\/fontawesome.com\/license\/free (Icons: CC BY 4.0, Fonts: SIL OFL 1.1, Code: MIT License) Copyright 2023 Fonticons, Inc. --><path d=\"M96 128a128 128 0 1 1 256 0A128 128 0 1 1 96 128zM0 482.3C0 383.8 79.8 304 178.3 304h91.4C368.2 304 448 383.8 448 482.3c0 16.4-13.3 29.7-29.7 29.7H29.7C13.3 512 0 498.7 0 482.3zM609.3 512H471.4c5.4-9.4 8.6-20.3 8.6-32v-8c0-60.7-27.1-115.2-69.8-151.8c2.4-.1 4.7-.2 7.1-.2h61.4C567.8 320 640 392.2 640 481.3c0 17-13.8 30.7-30.7 30.7zM432 256c-31 0-59-12.6-79.3-32.9C372.4 196.5 384 163.6 384 128c0-26.8-6.6-52.1-18.3-74.3C384.3 40.1 407.2 32 432 32c61.9 0 112 50.1 112 112s-50.1 112-112 112z\"\/><\/svg>\n        \n        \n        \n            <\/div>\n    \n\n<div class=\"ee-iconbox-content\">\n      <p class=\"ee-iconbox-title bde-h3\" >1000+<\/p>\n        <div class=\"ee-iconbox-text\" >Zufriedene Kunden<\/div>\n    <\/div>\n\n<\/div><div class=\"bde-icon-box-12-267 bde-icon-box\">\n\n    \n            <div class=\"ee-iconbox-icon breakdance-icon-atom\" >\n    \n                    <svg xmlns=\"http:\/\/www.w3.org\/2000\/svg\" viewbox=\"0 0 576 512\"><!--! Font Awesome Free 6.5.1 by @fontawesome - https:\/\/fontawesome.com License - https:\/\/fontawesome.com\/license\/free (Icons: CC BY 4.0, Fonts: SIL OFL 1.1, Code: MIT License) Copyright 2023 Fonticons, Inc. --><path d=\"M384 160c-17.7 0-32-14.3-32-32s14.3-32 32-32H544c17.7 0 32 14.3 32 32V288c0 17.7-14.3 32-32 32s-32-14.3-32-32V205.3L342.6 374.6c-12.5 12.5-32.8 12.5-45.3 0L192 269.3 54.6 406.6c-12.5 12.5-32.8 12.5-45.3 0s-12.5-32.8 0-45.3l160-160c12.5-12.5 32.8-12.5 45.3 0L320 306.7 466.7 160H384z\"\/><\/svg>\n        \n        \n        \n            <\/div>\n    \n\n<div class=\"ee-iconbox-content\">\n      <p class=\"ee-iconbox-title bde-h3\" >99.99%<\/p>\n        <div class=\"ee-iconbox-text\" >99,99% Uptime-SLA<\/div>\n    <\/div>\n\n<\/div><div class=\"bde-icon-box-12-268 bde-icon-box\">\n\n    \n            <div class=\"ee-iconbox-icon breakdance-icon-atom\" >\n    \n                    <svg xmlns=\"http:\/\/www.w3.org\/2000\/svg\" viewbox=\"0 0 512 512\"><!--! Font Awesome Free 6.5.1 by @fontawesome - https:\/\/fontawesome.com License - https:\/\/fontawesome.com\/license\/free (Icons: CC BY 4.0, Fonts: SIL OFL 1.1, Code: MIT License) Copyright 2023 Fonticons, Inc. --><path d=\"M47.6 300.4L228.3 469.1c7.5 7 17.4 10.9 27.7 10.9s20.2-3.9 27.7-10.9L464.4 300.4c30.4-28.3 47.6-68 47.6-109.5v-5.8c0-69.9-50.5-129.5-119.4-141C347 36.5 300.6 51.4 268 84L256 96 244 84c-32.6-32.6-79-47.5-124.6-39.9C50.5 55.6 0 115.2 0 185.1v5.8c0 41.5 17.2 81.2 47.6 109.5z\"\/><\/svg>\n        \n        \n        \n            <\/div>\n    \n\n<div class=\"ee-iconbox-content\">\n      <p class=\"ee-iconbox-title bde-h3\" >24\/7<\/p>\n        <div class=\"ee-iconbox-text\" >Experten-Support<\/div>\n    <\/div>\n\n<\/div><div class=\"bde-icon-box-12-269 bde-icon-box\">\n\n    \n            <div class=\"ee-iconbox-icon breakdance-icon-atom\" >\n    \n                    <svg xmlns=\"http:\/\/www.w3.org\/2000\/svg\" viewbox=\"0 0 512 512\"><!--! Font Awesome Free 6.5.1 by @fontawesome - https:\/\/fontawesome.com License - https:\/\/fontawesome.com\/license\/free (Icons: CC BY 4.0, Fonts: SIL OFL 1.1, Code: MIT License) Copyright 2023 Fonticons, Inc. --><path d=\"M4.1 38.2C1.4 34.2 0 29.4 0 24.6C0 11 11 0 24.6 0H133.9c11.2 0 21.7 5.9 27.4 15.5l68.5 114.1c-48.2 6.1-91.3 28.6-123.4 61.9L4.1 38.2zm503.7 0L405.6 191.5c-32.1-33.3-75.2-55.8-123.4-61.9L350.7 15.5C356.5 5.9 366.9 0 378.1 0H487.4C501 0 512 11 512 24.6c0 4.8-1.4 9.6-4.1 13.6zM80 336a176 176 0 1 1 352 0A176 176 0 1 1 80 336zm184.4-94.9c-3.4-7-13.3-7-16.8 0l-22.4 45.4c-1.4 2.8-4 4.7-7 5.1L168 298.9c-7.7 1.1-10.7 10.5-5.2 16l36.3 35.4c2.2 2.2 3.2 5.2 2.7 8.3l-8.6 49.9c-1.3 7.6 6.7 13.5 13.6 9.9l44.8-23.6c2.7-1.4 6-1.4 8.7 0l44.8 23.6c6.9 3.6 14.9-2.2 13.6-9.9l-8.6-49.9c-.5-3 .5-6.1 2.7-8.3l36.3-35.4c5.6-5.4 2.5-14.8-5.2-16l-50.1-7.3c-3-.4-5.7-2.4-7-5.1l-22.4-45.4z\"\/><\/svg>\n        \n        \n        \n            <\/div>\n    \n\n<div class=\"ee-iconbox-content\">\n      <p class=\"ee-iconbox-title bde-h3\" >5+<\/p>\n        <div class=\"ee-iconbox-text\" >Jahre Erfahrung<\/div>\n    <\/div>\n\n<\/div>\n<\/div>\n<\/div>\n<\/div><\/div><\/div>\n<\/main>","protected":false},"excerpt":{"rendered":"<p>About HostSalt Powering Digital Dreams HostSalt, powered by Bold &#038; Digital, is a boutique managed hosting provider that takes care of performance, security, and uptime for you. Instead of learning servers, you pick a plan, we handle the setup, and your site runs on fast, secure cloud infrastructure. Get Started Now Our Story HostSalt was [&hellip;]<\/p>\n","protected":false},"author":1,"featured_media":0,"parent":0,"menu_order":0,"comment_status":"closed","ping_status":"closed","template":"","meta":{"_breakdance_hide_in_design_set":false,"_breakdance_tags":"","footnotes":""},"class_list":["post-12","page","type-page","status-publish","hentry"],"_links":{"self":[{"href":"https:\/\/hostsalt.com\/de\/wp-json\/wp\/v2\/pages\/12","targetHints":{"allow":["GET"]}}],"collection":[{"href":"https:\/\/hostsalt.com\/de\/wp-json\/wp\/v2\/pages"}],"about":[{"href":"https:\/\/hostsalt.com\/de\/wp-json\/wp\/v2\/types\/page"}],"author":[{"embeddable":true,"href":"https:\/\/hostsalt.com\/de\/wp-json\/wp\/v2\/users\/1"}],"replies":[{"embeddable":true,"href":"https:\/\/hostsalt.com\/de\/wp-json\/wp\/v2\/comments?post=12"}],"version-history":[{"count":5,"href":"https:\/\/hostsalt.com\/de\/wp-json\/wp\/v2\/pages\/12\/revisions"}],"predecessor-version":[{"id":6438,"href":"https:\/\/hostsalt.com\/de\/wp-json\/wp\/v2\/pages\/12\/revisions\/6438"}],"wp:attachment":[{"href":"https:\/\/hostsalt.com\/de\/wp-json\/wp\/v2\/media?parent=12"}],"curies":[{"name":"wp","href":"https:\/\/api.w.org\/{rel}","templated":true}]}}