{"id":6608,"date":"2026-01-30T12:17:46","date_gmt":"2026-01-30T12:17:46","guid":{"rendered":"https:\/\/hostsalt.com\/?page_id=6608"},"modified":"2026-01-30T20:59:12","modified_gmt":"2026-01-30T20:59:12","slug":"entwickler","status":"publish","type":"page","link":"https:\/\/hostsalt.com\/de\/developer\/","title":{"rendered":"Entwickler"},"content":{"rendered":"<section class=\"bde-section-6608-100 bde-section\">\n  \n  \n\t\n\n\n\n<div class=\"section-container\"><div class=\"bde-columns-6608-105 bde-columns\"><div class=\"bde-column-6608-106 bde-column\">\n  \n  \n\t\n\n\n\n<div class=\"bde-text-6608-101 bde-text\">\nSystem bereit\n<\/div><h1 class=\"bde-dual-heading-6608-102 bde-dual-heading\">\n\n\n            <span data-style=\"primary\" class=\"dual-heading--primary\">npm-Installation<br><\/span>\n\n            <span data-style=\"secondary\" class=\"dual-heading--secondary\">Seelenfrieden<\/span>\n\n\n\n<\/h1><div class=\"bde-text-6608-103 bde-text\">\nProduktionsbereite Node.js-Umgebungen ohne Konfiguration. Push-to-Deployment, automatische Skalierung und Sicherheit auf Enterprise-Niveau sofort nach dem Auspacken.\n<\/div><div class=\"bde-button-6608-104 bde-button\">\n        \n    \n    \n    \n    \n            \n                    \n            \n            \n\n    \n    \n    \n    \n    \n    <a class=\"breakdance-link button-atom button-atom--custom button-atom--preset-6766824d-9be9-451f-9881-b7197ee20caa bde-button__button\" href=\"https:\/\/hostsalt.com\/de\/hosting\/\" target=\"_self\" data-type=\"url\"  >\n\n    \n        <span class=\"button-atom__text\">Starten Sie Ihre Bewerbung noch heute<\/span>\n\n        \n        \n                <\/a>\n\n    \n\n\n<\/div>\n<\/div><div class=\"bde-column-6608-107 bde-column\">\n  \n  \n\t\n\n\n\n<img decoding=\"async\" class=\"bde-image2-6608-108 bde-image2\" src=\"https:\/\/hostsalt.com\/wp-content\/uploads\/2026\/01\/console.png\" loading=\"lazy\" srcset=\"https:\/\/hostsalt.com\/wp-content\/uploads\/2026\/01\/console.png 1210w, https:\/\/hostsalt.com\/wp-content\/uploads\/2026\/01\/console-300x168.png 300w, https:\/\/hostsalt.com\/wp-content\/uploads\/2026\/01\/console-1024x572.png 1024w, https:\/\/hostsalt.com\/wp-content\/uploads\/2026\/01\/console-768x429.png 768w, https:\/\/hostsalt.com\/wp-content\/uploads\/2026\/01\/console-18x10.png 18w\" sizes=\"(max-width: 1210px) 100vw, 1210px\" alt=\"\" title=\"\">\n<\/div><\/div><\/div>\n<\/section><section class=\"bde-section-6608-111 bde-section\">\n  \n  \n\t\n\n\n\n<div class=\"section-container\"><h2 class=\"bde-heading-6608-112 bde-heading\">\nSystem-Spezifikationen\n<\/h2><div class=\"bde-text-6608-113 bde-text\">\nHardware, die Ihre IO-Schleife nicht verengt.<br>\n<\/div><div class=\"bde-div-6608-114 bde-div\">\n  \n  \n\t\n\n\n\n<div class=\"bde-icon-box-6608-115 bde-icon-box\">\n\n    \n            <div class=\"ee-iconbox-icon breakdance-icon-atom\" >\n    \n                    <svg xmlns=\"http:\/\/www.w3.org\/2000\/svg\" viewbox=\"0 0 512 512\"><!--! Font Awesome Free 6.5.1 by @fontawesome - https:\/\/fontawesome.com License - https:\/\/fontawesome.com\/license\/free (Icons: CC BY 4.0, Fonts: SIL OFL 1.1, Code: MIT License) Copyright 2023 Fonticons, Inc. --><path d=\"M0 96C0 60.7 28.7 32 64 32H448c35.3 0 64 28.7 64 64V280.4c-17-15.2-39.4-24.4-64-24.4H64c-24.6 0-47 9.2-64 24.4V96zM64 288H448c35.3 0 64 28.7 64 64v64c0 35.3-28.7 64-64 64H64c-35.3 0-64-28.7-64-64V352c0-35.3 28.7-64 64-64zM320 416a32 32 0 1 0 0-64 32 32 0 1 0 0 64zm128-32a32 32 0 1 0 -64 0 32 32 0 1 0 64 0z\"\/><\/svg>\n        \n        \n        \n            <\/div>\n    \n\n<div class=\"ee-iconbox-content\">\n      <p class=\"ee-iconbox-title bde-h3\" >NVMe Gen4-Speicher<\/p>\n        <div class=\"ee-iconbox-text\" >Nutzen Sie die hohe Geschwindigkeit von NVMe-Speicher, der f\u00fcr Node.js-Workloads optimiert ist. Unsere Infrastruktur stellt sicher, dass Ihre Ereignisschleife mit E\/A mit hohem Durchsatz f\u00fcr datenintensive Anwendungen schnell bleibt.<br><br>\/SPEICHER<\/div>\n    <\/div>\n\n<\/div><div class=\"bde-icon-box-6608-118 bde-icon-box\">\n\n    \n            <div class=\"ee-iconbox-icon breakdance-icon-atom\" >\n    \n                    <svg xmlns=\"http:\/\/www.w3.org\/2000\/svg\" id=\"icon-command\" viewbox=\"0 0 32 32\">\n<path d=\"M23 28c-2.757 0-5-2.243-5-5v-3h-4v3c0 2.757-2.243 5-5 5s-5-2.243-5-5 2.243-5 5-5h3v-4h-3c-2.757 0-5-2.243-5-5s2.243-5 5-5 5 2.243 5 5v3h4v-3c0-2.757 2.243-5 5-5s5 2.243 5 5-2.243 5-5 5h-3v4h3c2.757 0 5 2.243 5 5s-2.243 5-5 5zM20 20v3c0 1.654 1.346 3 3 3s3-1.346 3-3-1.346-3-3-3h-3zM9 20c-1.654 0-3 1.346-3 3s1.346 3 3 3 3-1.346 3-3v-3h-3zM14 18h4v-4h-4v4zM20 12h3c1.654 0 3-1.346 3-3s-1.346-3-3-3-3 1.346-3 3v3zM9 6c-1.654 0-3 1.346-3 3s1.346 3 3 3h3v-3c0-1.654-1.346-3-3-3z\"\/>\n<\/svg>\n        \n        \n        \n            <\/div>\n    \n\n<div class=\"ee-iconbox-content\">\n      <p class=\"ee-iconbox-title bde-h3\" >SSH-Zugang f\u00fcr Entwickler<\/p>\n        <div class=\"ee-iconbox-text\" >Vollst\u00e4ndiger SSH-Zugang speziell f\u00fcr Entwickler. Verwalten Sie Ihre Umgebung mit Node.js, npm und Git, die vorinstalliert sind. Stellen Sie Ihre Anwendungsdateien direkt mit Standard-CLI-Tools bereit und verwalten Sie sie.<br><br>\/ZUGANG<\/div>\n    <\/div>\n\n<\/div><div class=\"bde-icon-box-6608-119 bde-icon-box\">\n\n    \n            <div class=\"ee-iconbox-icon breakdance-icon-atom\" >\n    \n                    <svg xmlns=\"http:\/\/www.w3.org\/2000\/svg\" viewbox=\"0 0 512 512\"><!--! Font Awesome Free 6.5.1 by @fontawesome - https:\/\/fontawesome.com License - https:\/\/fontawesome.com\/license\/free (Icons: CC BY 4.0, Fonts: SIL OFL 1.1, Code: MIT License) Copyright 2023 Fonticons, Inc. --><path d=\"M0 96C0 60.7 28.7 32 64 32H448c35.3 0 64 28.7 64 64V280.4c-17-15.2-39.4-24.4-64-24.4H64c-24.6 0-47 9.2-64 24.4V96zM64 288H448c35.3 0 64 28.7 64 64v64c0 35.3-28.7 64-64 64H64c-35.3 0-64-28.7-64-64V352c0-35.3 28.7-64 64-64zM320 416a32 32 0 1 0 0-64 32 32 0 1 0 0 64zm128-32a32 32 0 1 0 -64 0 32 32 0 1 0 64 0z\"\/><\/svg>\n        \n        \n        \n            <\/div>\n    \n\n<div class=\"ee-iconbox-content\">\n      <p class=\"ee-iconbox-title bde-h3\" >Sofortige App-Verwaltung<\/p>\n        <div class=\"ee-iconbox-text\" >Einfache Bereitstellung und Skalierung von Node.js-Anwendungen \u00fcber ein vereinfachtes Dashboard. Starten, stoppen und neustarten Sie Prozesse sofort und wechseln Sie zwischen Node.js-Versionen mit einem einzigen Klick.<br><br>\/APP<\/div>\n    <\/div>\n\n<\/div>\n<\/div><div class=\"bde-div-6608-120 bde-div\">\n  \n  \n\t\n\n\n\n<div class=\"bde-icon-box-6608-121 bde-icon-box\">\n\n    \n            <div class=\"ee-iconbox-icon breakdance-icon-atom\" >\n    \n                    <svg xmlns=\"http:\/\/www.w3.org\/2000\/svg\" viewbox=\"0 0 512 512\"><!--! Font Awesome Free 6.5.1 by @fontawesome - https:\/\/fontawesome.com License - https:\/\/fontawesome.com\/license\/free (Icons: CC BY 4.0, Fonts: SIL OFL 1.1, Code: MIT License) Copyright 2023 Fonticons, Inc. --><path d=\"M0 96C0 60.7 28.7 32 64 32H448c35.3 0 64 28.7 64 64V280.4c-17-15.2-39.4-24.4-64-24.4H64c-24.6 0-47 9.2-64 24.4V96zM64 288H448c35.3 0 64 28.7 64 64v64c0 35.3-28.7 64-64 64H64c-35.3 0-64-28.7-64-64V352c0-35.3 28.7-64 64-64zM320 416a32 32 0 1 0 0-64 32 32 0 1 0 0 64zm128-32a32 32 0 1 0 -64 0 32 32 0 1 0 64 0z\"\/><\/svg>\n        \n        \n        \n            <\/div>\n    \n\n<div class=\"ee-iconbox-content\">\n      <p class=\"ee-iconbox-title bde-h3\" >Isolierung in Containern<\/p>\n        <div class=\"ee-iconbox-text\" >Ihre Anwendungen werden in sicheren, isolierten Containern ausgef\u00fchrt. Diese Umgebung gew\u00e4hrleistet, dass Ihr Code gesch\u00fctzt ist und die Ressourcennutzung verwaltet wird, um eine konsistente Leistung zu gew\u00e4hrleisten.<br><br>\/ISOLIERUNG<\/div>\n    <\/div>\n\n<\/div><div class=\"bde-icon-box-6608-122 bde-icon-box\">\n\n    \n            <div class=\"ee-iconbox-icon breakdance-icon-atom\" >\n    \n                    <svg xmlns=\"http:\/\/www.w3.org\/2000\/svg\" id=\"icon-command\" viewbox=\"0 0 32 32\">\n<path d=\"M23 28c-2.757 0-5-2.243-5-5v-3h-4v3c0 2.757-2.243 5-5 5s-5-2.243-5-5 2.243-5 5-5h3v-4h-3c-2.757 0-5-2.243-5-5s2.243-5 5-5 5 2.243 5 5v3h4v-3c0-2.757 2.243-5 5-5s5 2.243 5 5-2.243 5-5 5h-3v4h3c2.757 0 5 2.243 5 5s-2.243 5-5 5zM20 20v3c0 1.654 1.346 3 3 3s3-1.346 3-3-1.346-3-3-3h-3zM9 20c-1.654 0-3 1.346-3 3s1.346 3 3 3 3-1.346 3-3v-3h-3zM14 18h4v-4h-4v4zM20 12h3c1.654 0 3-1.346 3-3s-1.346-3-3-3-3 1.346-3 3v3zM9 6c-1.654 0-3 1.346-3 3s1.346 3 3 3h3v-3c0-1.654-1.346-3-3-3z\"\/>\n<\/svg>\n        \n        \n        \n            <\/div>\n    \n\n<div class=\"ee-iconbox-content\">\n      <p class=\"ee-iconbox-title bde-h3\" >Integrierte Sicherheit &amp; Caching<\/p>\n        <div class=\"ee-iconbox-text\" >Nutzen Sie die Vorteile des integrierten Redis-Caching und der standortbezogenen Sicherheitsprotokolle. Verbessern Sie die Leistung und Sicherheit Ihrer App, ohne komplexe Konfigurationen von Drittanbietern zu ben\u00f6tigen.<br><br>\/SICHERHEIT<\/div>\n    <\/div>\n\n<\/div><div class=\"bde-icon-box-6608-123 bde-icon-box\">\n\n    \n            <div class=\"ee-iconbox-icon breakdance-icon-atom\" >\n    \n                    <svg xmlns=\"http:\/\/www.w3.org\/2000\/svg\" viewbox=\"0 0 512 512\"><!--! Font Awesome Free 6.5.1 by @fontawesome - https:\/\/fontawesome.com License - https:\/\/fontawesome.com\/license\/free (Icons: CC BY 4.0, Fonts: SIL OFL 1.1, Code: MIT License) Copyright 2023 Fonticons, Inc. --><path d=\"M0 96C0 60.7 28.7 32 64 32H448c35.3 0 64 28.7 64 64V280.4c-17-15.2-39.4-24.4-64-24.4H64c-24.6 0-47 9.2-64 24.4V96zM64 288H448c35.3 0 64 28.7 64 64v64c0 35.3-28.7 64-64 64H64c-35.3 0-64-28.7-64-64V352c0-35.3 28.7-64 64-64zM320 416a32 32 0 1 0 0-64 32 32 0 1 0 0 64zm128-32a32 32 0 1 0 -64 0 32 32 0 1 0 64 0z\"\/><\/svg>\n        \n        \n        \n            <\/div>\n    \n\n<div class=\"ee-iconbox-content\">\n      <p class=\"ee-iconbox-title bde-h3\" >Zentralisierte Protokoll\u00fcberwachung<\/p>\n        <div class=\"ee-iconbox-text\" >Schnelleres Debugging durch Echtzeit-Zugriff auf Anwendungsprotokolle direkt von Ihrem Dashboard aus. \u00dcberwachen Sie die Ausgabe Ihrer Anwendung und die Systemereignisse, um eine optimale Leistung zu gew\u00e4hrleisten.<br><br><br>\/LOG<\/div>\n    <\/div>\n\n<\/div>\n<\/div><\/div>\n<\/section><section class=\"bde-section-6608-124 bde-section\">\n  \n  \n\t\n\n\n\n<div class=\"section-container\"><h2 class=\"bde-heading-6608-125 bde-heading\">\n\/etc\/specs\n<\/h2><div class=\"bde-div-6608-141 bde-div\">\n  \n  \n\t\n\n\n\n<div class=\"bde-columns-6608-146 bde-columns\"><div class=\"bde-column-6608-147 bde-column\">\n  \n  \n\t\n\n\n\n<h3 class=\"bde-heading-6608-136 bde-heading\">\nKomponente\n<\/h3>\n<\/div><div class=\"bde-column-6608-148 bde-column\">\n  \n  \n\t\n\n\n\n<h3 class=\"bde-heading-6608-137 bde-heading\">\nEinzelheiten\n<\/h3>\n<\/div><\/div><div class=\"bde-fancy-divider-6608-178 bde-fancy-divider\">\n\n\n<div class=\"bde-fancy-divider__wrapper\">\n  <div class=\"bde-fancy-divider__separator\">\n  \t  <\/div>\n<\/div>\n\n<\/div><div class=\"bde-columns-6608-150 bde-columns\"><div class=\"bde-column-6608-151 bde-column\">\n  \n  \n\t\n\n\n\n<h3 class=\"bde-heading-6608-152 bde-heading\">\nLaufzeit\n<\/h3>\n<\/div><div class=\"bde-column-6608-153 bde-column\">\n  \n  \n\t\n\n\n\n<h3 class=\"bde-heading-6608-154 bde-heading\">\nNode.js LTS-Releases, die \u00fcber das Control Panel verwaltet werden, mit ausw\u00e4hlbaren Versionen pro App (z.B. aktuelles aktives LTS und letztes Stable).\n<\/h3>\n<\/div><\/div><div class=\"bde-fancy-divider-6608-181 bde-fancy-divider\">\n\n\n<div class=\"bde-fancy-divider__wrapper\">\n  <div class=\"bde-fancy-divider__separator\">\n  \t  <\/div>\n<\/div>\n\n<\/div><div class=\"bde-columns-6608-157 bde-columns\"><div class=\"bde-column-6608-158 bde-column\">\n  \n  \n\t\n\n\n\n<h3 class=\"bde-heading-6608-159 bde-heading\">\nSpeicher\n<\/h3>\n<\/div><div class=\"bde-column-6608-160 bde-column\">\n  \n  \n\t\n\n\n\n<h3 class=\"bde-heading-6608-161 bde-heading\">\nDDR4\/DDR5 ECC-RAM auf den zugrundeliegenden Servern in Unternehmensqualit\u00e4t, mit Ressourcenbeschr\u00e4nkungen, die auf stabile mandantenf\u00e4hige Arbeitslasten abgestimmt sind.\n<\/h3>\n<\/div><\/div><div class=\"bde-fancy-divider-6608-180 bde-fancy-divider\">\n\n\n<div class=\"bde-fancy-divider__wrapper\">\n  <div class=\"bde-fancy-divider__separator\">\n  \t  <\/div>\n<\/div>\n\n<\/div><div class=\"bde-columns-6608-164 bde-columns\"><div class=\"bde-column-6608-165 bde-column\">\n  \n  \n\t\n\n\n\n<h3 class=\"bde-heading-6608-166 bde-heading\">\nDatenbank\n<\/h3>\n<\/div><div class=\"bde-column-6608-167 bde-column\">\n  \n  \n\t\n\n\n\n<h3 class=\"bde-heading-6608-168 bde-heading\">\nVerwaltete MySQL\/MariaDB-Datenbanken pro Standort inbegriffen, optional sind externe PostgreSQL- oder MongoDB-Datenbanken auf Anfrage oder \u00fcber Zusatzdienste verf\u00fcgbar.\n<\/h3>\n<\/div><\/div><div class=\"bde-fancy-divider-6608-182 bde-fancy-divider\">\n\n\n<div class=\"bde-fancy-divider__wrapper\">\n  <div class=\"bde-fancy-divider__separator\">\n  \t  <\/div>\n<\/div>\n\n<\/div><div class=\"bde-columns-6608-171 bde-columns\"><div class=\"bde-column-6608-172 bde-column\">\n  \n  \n\t\n\n\n\n<h3 class=\"bde-heading-6608-173 bde-heading\">\nBandbreite\n<\/h3>\n<\/div><div class=\"bde-column-6608-174 bde-column\">\n  \n  \n\t\n\n\n\n<h3 class=\"bde-heading-6608-175 bde-heading\">\nNetz-Uplinks mit hoher Kapazit\u00e4t und gro\u00dfz\u00fcgigen Verkehrszulassungen ohne k\u00fcnstliche Drosselung bei normalem Nutzungsverhalten.\n<\/h3>\n<\/div><\/div>\n<\/div><\/div>\n<\/section>","protected":false},"excerpt":{"rendered":"<p>System ready npm install peace-of-mind Production-ready Node.js environments with zero configuration. Push to deploy, auto-scaling, and enterprise-grade security out of the box. Start Your Application Today System Specifications Hardware that doesn&#8217;t bottle-neck your IO loop. NVMe Gen4 Storage Leverage the raw speed of NVMe storage optimized for Node.js workloads. Our infrastructure ensures your event loop [&hellip;]<\/p>\n","protected":false},"author":1,"featured_media":0,"parent":0,"menu_order":0,"comment_status":"closed","ping_status":"closed","template":"","meta":{"_breakdance_hide_in_design_set":false,"_breakdance_tags":"","footnotes":""},"class_list":["post-6608","page","type-page","status-publish","hentry"],"_links":{"self":[{"href":"https:\/\/hostsalt.com\/de\/wp-json\/wp\/v2\/pages\/6608","targetHints":{"allow":["GET"]}}],"collection":[{"href":"https:\/\/hostsalt.com\/de\/wp-json\/wp\/v2\/pages"}],"about":[{"href":"https:\/\/hostsalt.com\/de\/wp-json\/wp\/v2\/types\/page"}],"author":[{"embeddable":true,"href":"https:\/\/hostsalt.com\/de\/wp-json\/wp\/v2\/users\/1"}],"replies":[{"embeddable":true,"href":"https:\/\/hostsalt.com\/de\/wp-json\/wp\/v2\/comments?post=6608"}],"version-history":[{"count":5,"href":"https:\/\/hostsalt.com\/de\/wp-json\/wp\/v2\/pages\/6608\/revisions"}],"predecessor-version":[{"id":6648,"href":"https:\/\/hostsalt.com\/de\/wp-json\/wp\/v2\/pages\/6608\/revisions\/6648"}],"wp:attachment":[{"href":"https:\/\/hostsalt.com\/de\/wp-json\/wp\/v2\/media?parent=6608"}],"curies":[{"name":"wp","href":"https:\/\/api.w.org\/{rel}","templated":true}]}}