{"id":6521,"date":"2026-01-26T19:48:59","date_gmt":"2026-01-26T19:48:59","guid":{"rendered":"https:\/\/hostsalt.com\/?page_id=6521"},"modified":"2026-01-30T20:54:58","modified_gmt":"2026-01-30T20:54:58","slug":"programa-de-agencias-colaboradoras","status":"publish","type":"page","link":"https:\/\/hostsalt.com\/es\/agency-partner-program\/","title":{"rendered":"Programa de agencias colaboradoras"},"content":{"rendered":"<section class=\"bde-section-6521-109 bde-section\">\n  \n  \n\t\n\n\n\n<div class=\"section-container\"><div class=\"bde-text-6521-110 bde-text\">\nPrograma de agencias colaboradoras\n<\/div><h1 class=\"bde-dual-heading-6521-111 bde-dual-heading\">\n\n\n            <span data-style=\"primary\" class=\"dual-heading--primary\">El socio de infraestructuras silencioso<\/span>\n\n            <span data-style=\"secondary\" class=\"dual-heading--secondary\">Las necesidades de su agencia<\/span>\n\n\n\n<\/h1><div class=\"bde-text-6521-112 bde-text\">\nAmpl\u00ede su agencia sin quebraderos de cabeza t\u00e9cnicos. Nos ocupamos de los servidores, la seguridad y el tiempo de actividad para que usted pueda centrarse en crear sitios web brillantes.<br><br>\n<\/div><div class=\"bde-button-6521-118 bde-button\">\n        \n    \n    \n    \n    \n            \n                    \n            \n            \n\n    \n    \n    \n    \n    \n    <a class=\"breakdance-link button-atom button-atom--custom button-atom--preset-6766824d-9be9-451f-9881-b7197ee20caa bde-button__button\" href=\"https:\/\/hostsalt.com\/es\/contacto\/\" target=\"_self\" data-type=\"url\"  >\n\n    \n        <span class=\"button-atom__text\">P\u00f3ngase en contacto con nosotros<\/span>\n\n        \n        \n                <\/a>\n\n    \n\n\n<\/div><\/div>\n<\/section><section class=\"bde-section-6521-119 bde-section\">\n  \n  \n\t\n\n\n\n<div class=\"section-container\"><h2 class=\"bde-heading-6521-123 bde-heading\">\nCreado para el crecimiento de las agencias\n<\/h2><div class=\"bde-text-6521-124 bde-text\">\nTodo lo que necesita para gestionar eficazmente varios clientes bajo un mismo techo.<br><br>\n<\/div><div class=\"bde-div-6521-129 bde-div\">\n  \n  \n\t\n\n\n\n<div class=\"bde-icon-box-6521-130 bde-icon-box\">\n\n    \n            <div class=\"ee-iconbox-icon breakdance-icon-atom\" >\n    \n                    <svg xmlns=\"http:\/\/www.w3.org\/2000\/svg\" viewbox=\"0 0 512 512\"><!--! Font Awesome Free 6.5.1 by @fontawesome - https:\/\/fontawesome.com License - https:\/\/fontawesome.com\/license\/free (Icons: CC BY 4.0, Fonts: SIL OFL 1.1, Code: MIT License) Copyright 2023 Fonticons, Inc. --><path d=\"M256 0c4.6 0 9.2 1 13.4 2.9L457.7 82.8c22 9.3 38.4 31 38.3 57.2c-.5 99.2-41.3 280.7-213.6 363.2c-16.7 8-36.1 8-52.8 0C57.3 420.7 16.5 239.2 16 140c-.1-26.2 16.3-47.9 38.3-57.2L242.7 2.9C246.8 1 251.4 0 256 0z\"\/><\/svg>\n        \n        \n        \n            <\/div>\n    \n\n<div class=\"ee-iconbox-content\">\n      <p class=\"ee-iconbox-title bde-h3\" >Su equipo t\u00e9cnico silencioso<\/p>\n        <div class=\"ee-iconbox-text\" >Resolvemos problemas t\u00e9cnicos bajo su marca. Mantenga las relaciones con los clientes mientras nosotros nos encargamos del trabajo pesado como su departamento DevOps invisible.<\/div>\n    <\/div>\n\n<\/div><div class=\"bde-icon-box-6521-158 bde-icon-box\">\n\n    \n            <div class=\"ee-iconbox-icon breakdance-icon-atom\" >\n    \n                    <svg xmlns=\"http:\/\/www.w3.org\/2000\/svg\" viewbox=\"0 0 576 512\"><!--! Font Awesome Free 6.5.1 by @fontawesome - https:\/\/fontawesome.com License - https:\/\/fontawesome.com\/license\/free (Icons: CC BY 4.0, Fonts: SIL OFL 1.1, Code: MIT License) Copyright 2023 Fonticons, Inc. --><path d=\"M248 0H208c-26.5 0-48 21.5-48 48V160c0 35.3 28.7 64 64 64H352c35.3 0 64-28.7 64-64V48c0-26.5-21.5-48-48-48H328V80c0 8.8-7.2 16-16 16H264c-8.8 0-16-7.2-16-16V0zM64 256c-35.3 0-64 28.7-64 64V448c0 35.3 28.7 64 64 64H224c35.3 0 64-28.7 64-64V320c0-35.3-28.7-64-64-64H184v80c0 8.8-7.2 16-16 16H120c-8.8 0-16-7.2-16-16V256H64zM352 512H512c35.3 0 64-28.7 64-64V320c0-35.3-28.7-64-64-64H472v80c0 8.8-7.2 16-16 16H408c-8.8 0-16-7.2-16-16V256H352c-15 0-28.8 5.1-39.7 13.8c4.9 10.4 7.7 22 7.7 34.2V464c0 12.2-2.8 23.8-7.7 34.2C323.2 506.9 337 512 352 512z\"\/><\/svg>\n        \n        \n        \n            <\/div>\n    \n\n<div class=\"ee-iconbox-content\">\n      <p class=\"ee-iconbox-title bde-h3\" >M\u00e1rgenes de agencia ampliables<\/p>\n        <div class=\"ee-iconbox-text\" >Tarifas mayoristas dise\u00f1adas para el crecimiento. Mantenga altos m\u00e1rgenes de beneficio al tiempo que ofrece rendimiento NVMe de nivel empresarial a cada cliente.<\/div>\n    <\/div>\n\n<\/div><div class=\"bde-icon-box-6521-157 bde-icon-box\">\n\n    \n            <div class=\"ee-iconbox-icon breakdance-icon-atom\" >\n    \n                    <svg xmlns=\"http:\/\/www.w3.org\/2000\/svg\" viewbox=\"0 0 640 512\"><!--! Font Awesome Free 6.5.1 by @fontawesome - https:\/\/fontawesome.com License - https:\/\/fontawesome.com\/license\/free (Icons: CC BY 4.0, Fonts: SIL OFL 1.1, Code: MIT License) Copyright 2023 Fonticons, Inc. --><path d=\"M96 128a128 128 0 1 1 256 0A128 128 0 1 1 96 128zM0 482.3C0 383.8 79.8 304 178.3 304h91.4C368.2 304 448 383.8 448 482.3c0 16.4-13.3 29.7-29.7 29.7H29.7C13.3 512 0 498.7 0 482.3zM609.3 512H471.4c5.4-9.4 8.6-20.3 8.6-32v-8c0-60.7-27.1-115.2-69.8-151.8c2.4-.1 4.7-.2 7.1-.2h61.4C567.8 320 640 392.2 640 481.3c0 17-13.8 30.7-30.7 30.7zM432 256c-31 0-59-12.6-79.3-32.9C372.4 196.5 384 163.6 384 128c0-26.8-6.6-52.1-18.3-74.3C384.3 40.1 407.2 32 432 32c61.9 0 112 50.1 112 112s-50.1 112-112 112z\"\/><\/svg>\n        \n        \n        \n            <\/div>\n    \n\n<div class=\"ee-iconbox-content\">\n      <p class=\"ee-iconbox-title bde-h3\" >Incorporaci\u00f3n sin estr\u00e9s<\/p>\n        <div class=\"ee-iconbox-text\" >Trasladar clientes no deber\u00eda ser un quebradero de cabeza. Nos encargamos de todo el proceso de migraci\u00f3n por usted, garantizando una transici\u00f3n sin problemas a nuestra red premium sin tiempo de inactividad.<\/div>\n    <\/div>\n\n<\/div>\n<\/div><\/div>\n<\/section><section class=\"bde-section-6521-138 bde-section\">\n  \n  \n\t\n\n\n\n<div class=\"section-container\"><div class=\"bde-columns-6521-139 bde-columns\"><div class=\"bde-column-6521-140 bde-column\">\n  \n  \n\t\n\n\n\n<h3 class=\"bde-heading-6521-142 bde-heading\">\nC\u00e9ntrese en las horas facturables, no en el mantenimiento del servidor.\n<\/h3><div class=\"bde-text-6521-143 bde-text\">\nDeje de depurar configuraciones de servidor y errores SSL. Nuestra plataforma gestionada se encarga del trabajo pesado para que su equipo pueda centrarse en el dise\u00f1o, el desarrollo y el marketing.\n<\/div><div class=\"bde-icon-list-6521-159 bde-icon-list bde-icon-list--background\">\n<ul>\n  \n              \n    <li>\n              <div class='bde-icon-list__item-wrapper'>\n      \n      <span class='bde-icon-list__icon' aria-hidden='true'>\n        <svg xmlns=\"http:\/\/www.w3.org\/2000\/svg\" viewbox=\"0 0 512 512\"><!--! Font Awesome Free 6.5.1 by @fontawesome - https:\/\/fontawesome.com License - https:\/\/fontawesome.com\/license\/free (Icons: CC BY 4.0, Fonts: SIL OFL 1.1, Code: MIT License) Copyright 2023 Fonticons, Inc. --><path d=\"M0 96C0 60.7 28.7 32 64 32H448c35.3 0 64 28.7 64 64V280.4c-17-15.2-39.4-24.4-64-24.4H64c-24.6 0-47 9.2-64 24.4V96zM64 288H448c35.3 0 64 28.7 64 64v64c0 35.3-28.7 64-64 64H64c-35.3 0-64-28.7-64-64V352c0-35.3 28.7-64 64-64zM320 416a32 32 0 1 0 0-64 32 32 0 1 0 0 64zm128-32a32 32 0 1 0 -64 0 32 32 0 1 0 64 0z\"\/><\/svg>\n      <\/span>\n      <span class='bde-icon-list__text' >\n      <strong>NVMe de nivel empresarial<\/strong><br>No ponga cuellos de botella a sus clientes. Utilice el almacenamiento Gen4 NVMe para conseguir tiempos de carga rapid\u00edsimos y un SEO superior.\n      <\/span>\n              <\/div>\n      \n    <\/li>\n\n  <\/ul>\n\n<\/div><div class=\"bde-icon-list-6521-160 bde-icon-list bde-icon-list--background\">\n<ul>\n  \n              \n    <li>\n              <div class='bde-icon-list__item-wrapper'>\n      \n      <span class='bde-icon-list__icon' aria-hidden='true'>\n        <svg xmlns=\"http:\/\/www.w3.org\/2000\/svg\" viewbox=\"0 0 512 512\"><!--! Font Awesome Free 6.5.1 by @fontawesome - https:\/\/fontawesome.com License - https:\/\/fontawesome.com\/license\/free (Icons: CC BY 4.0, Fonts: SIL OFL 1.1, Code: MIT License) Copyright 2023 Fonticons, Inc. --><path d=\"M305.8 2.1C314.4 5.9 320 14.5 320 24V64h16c70.7 0 128 57.3 128 128V358.7c28.3 12.3 48 40.5 48 73.3c0 44.2-35.8 80-80 80s-80-35.8-80-80c0-32.8 19.7-61 48-73.3V192c0-35.3-28.7-64-64-64H320v40c0 9.5-5.6 18.1-14.2 21.9s-18.8 2.3-25.8-4.1l-80-72c-5.1-4.6-7.9-11-7.9-17.8s2.9-13.3 7.9-17.8l80-72c7-6.3 17.2-7.9 25.8-4.1zM104 80A24 24 0 1 0 56 80a24 24 0 1 0 48 0zm8 73.3V358.7c28.3 12.3 48 40.5 48 73.3c0 44.2-35.8 80-80 80s-80-35.8-80-80c0-32.8 19.7-61 48-73.3V153.3C19.7 141 0 112.8 0 80C0 35.8 35.8 0 80 0s80 35.8 80 80c0 32.8-19.7 61-48 73.3zM104 432a24 24 0 1 0 -48 0 24 24 0 1 0 48 0zm328 24a24 24 0 1 0 0-48 24 24 0 1 0 0 48z\"\/><\/svg>\n      <\/span>\n      <span class='bde-icon-list__text' >\n      <strong>Pila completa de desarrollo<br><\/strong>Despliegue con confianza. Compatibilidad con Node.js, PHP y herramientas de desarrollo modernas preconfiguradas para mayor velocidad.\n      <\/span>\n              <\/div>\n      \n    <\/li>\n\n  <\/ul>\n\n<\/div><div class=\"bde-icon-list-6521-161 bde-icon-list bde-icon-list--background\">\n<ul>\n  \n              \n    <li>\n              <div class='bde-icon-list__item-wrapper'>\n      \n      <span class='bde-icon-list__icon' aria-hidden='true'>\n        <svg xmlns=\"http:\/\/www.w3.org\/2000\/svg\" viewbox=\"0 0 512 512\"><!--! Font Awesome Free 6.5.1 by @fontawesome - https:\/\/fontawesome.com License - https:\/\/fontawesome.com\/license\/free (Icons: CC BY 4.0, Fonts: SIL OFL 1.1, Code: MIT License) Copyright 2023 Fonticons, Inc. --><path d=\"M502.6 278.6c12.5-12.5 12.5-32.8 0-45.3l-128-128c-12.5-12.5-32.8-12.5-45.3 0s-12.5 32.8 0 45.3L402.7 224 192 224c-17.7 0-32 14.3-32 32s14.3 32 32 32l210.7 0-73.4 73.4c-12.5 12.5-12.5 32.8 0 45.3s32.8 12.5 45.3 0l128-128zM160 96c17.7 0 32-14.3 32-32s-14.3-32-32-32L96 32C43 32 0 75 0 128L0 384c0 53 43 96 96 96l64 0c17.7 0 32-14.3 32-32s-14.3-32-32-32l-64 0c-17.7 0-32-14.3-32-32l0-256c0-17.7 14.3-32 32-32l64 0z\"\/><\/svg>\n      <\/span>\n      <span class='bde-icon-list__text' >\n      <strong>Herramienta de migraci\u00f3n instant\u00e1nea<\/strong><br>Trasladar clientes es f\u00e1cil. Utilice nuestras herramientas de migraci\u00f3n automatizada para transferir sitios a HostSalt sin tiempo de inactividad.\n      <\/span>\n              <\/div>\n      \n    <\/li>\n\n  <\/ul>\n\n<\/div>\n<\/div><div class=\"bde-column-6521-146 bde-column\">\n  \n  \n\t\n\n\n\n<div class=\"bde-div-6521-147 bde-div\">\n  \n  \n\t\n\n\n\n<div class=\"bde-text-6521-162 bde-text\">\n~\/agency-dashboard\/overview\n<\/div><div class=\"bde-div-6521-163 bde-div\">\n  \n  \n\t\n\n\n\n<div class=\"bde-text-6521-164 bde-text\">\nSitios activos\n<\/div><div class=\"bde-text-6521-165 bde-text\">\n142\n<\/div>\n<\/div><div class=\"bde-fancy-divider-6521-166 bde-fancy-divider\">\n\n\n<div class=\"bde-fancy-divider__wrapper\">\n  <div class=\"bde-fancy-divider__separator\">\n  \t  <\/div>\n<\/div>\n\n<\/div><div class=\"bde-div-6521-169 bde-div\">\n  \n  \n\t\n\n\n\n<div class=\"bde-text-6521-170 bde-text\">\nIngresos recurrentes mensuales\n<\/div><div class=\"bde-text-6521-171 bde-text\">\n$12,450<br>\n<\/div>\n<\/div><div class=\"bde-fancy-divider-6521-167 bde-fancy-divider\">\n\n\n<div class=\"bde-fancy-divider__wrapper\">\n  <div class=\"bde-fancy-divider__separator\">\n  \t  <\/div>\n<\/div>\n\n<\/div><div class=\"bde-div-6521-172 bde-div\">\n  \n  \n\t\n\n\n\n<div class=\"bde-text-6521-173 bde-text\">\nSalud del servidor\n<\/div><div class=\"bde-text-6521-174 bde-text\">\n100%\n<\/div>\n<\/div><div class=\"bde-fancy-divider-6521-168 bde-fancy-divider\">\n\n\n<div class=\"bde-fancy-divider__wrapper\">\n  <div class=\"bde-fancy-divider__separator\">\n  \t  <\/div>\n<\/div>\n\n<\/div><div class=\"bde-div-6521-176 bde-div\">\n  \n  \n\t\n\n\n\n<div class=\"bde-text-6521-177 bde-text\">\nEntradas abiertas<br>\n<\/div><div class=\"bde-text-6521-178 bde-text\">\n0\n<\/div>\n<\/div><div class=\"bde-fancy-divider-6521-175 bde-fancy-divider\">\n\n\n<div class=\"bde-fancy-divider__wrapper\">\n  <div class=\"bde-fancy-divider__separator\">\n  \t  <\/div>\n<\/div>\n\n<\/div><div class=\"bde-button-6521-145 bde-button\">\n        \n    \n    \n    \n    \n            \n                    \n            \n            \n\n    \n    \n    \n    \n    \n    <a class=\"breakdance-link button-atom button-atom--custom button-atom--preset-6766824d-9be9-451f-9881-b7197ee20caa bde-button__button\" href=\"https:\/\/hostsalt.com\/es\/contacto\/\" target=\"_self\" data-type=\"url\"  >\n\n    \n        <span class=\"button-atom__text\">P\u00f3ngase en contacto hoy mismo<\/span>\n\n        \n        \n                <\/a>\n\n    \n\n\n<\/div>\n<\/div>\n<\/div><\/div><\/div>\n<\/section><section class=\"bde-section-6521-191 bde-section\">\n  \n  \n\t\n\n\n\n<div class=\"section-container\"><h2 class=\"bde-heading-6521-193 bde-heading\">\nPreguntas m\u00e1s frecuentes<br>\n<\/h2><div class=\"bde-frequently-asked-questions-6521-195 bde-frequently-asked-questions\">\n      <div class=\"bde-faq__item\">\n      <h3 class=\"bde-faq__title-tag\">\n       <button id=\"bde-faq-195-button-1\" aria-expanded=\"false\" aria-controls=\"bde-faq-195-1\" class=\"bde-faq__question js-faq-item\">\n          <span class=\"bde-faq__title\"> \u00bfOfrecen facturaci\u00f3n en marca blanca?<\/span>\n                           <div aria-hidden=\"true\" class=\"bde-faq__icon bde-faq__icon--inactive\">\n                                <svg xmlns=\"http:\/\/www.w3.org\/2000\/svg\" viewbox=\"0 0 512 512\"><!--! Font Awesome Free 6.5.1 by @fontawesome - https:\/\/fontawesome.com License - https:\/\/fontawesome.com\/license\/free (Icons: CC BY 4.0, Fonts: SIL OFL 1.1, Code: MIT License) Copyright 2023 Fonticons, Inc. --><path d=\"M233.4 406.6c12.5 12.5 32.8 12.5 45.3 0l192-192c12.5-12.5 12.5-32.8 0-45.3s-32.8-12.5-45.3 0L256 338.7 86.6 169.4c-12.5-12.5-32.8-12.5-45.3 0s-12.5 32.8 0 45.3l192 192z\"\/><\/svg>\n                            <\/div>\n         \t  <div aria-hidden=\"true\" class=\"bde-faq__icon bde-faq__icon--active\">\n                                <svg xmlns=\"http:\/\/www.w3.org\/2000\/svg\" viewbox=\"0 0 512 512\"><!--! Font Awesome Free 6.5.1 by @fontawesome - https:\/\/fontawesome.com License - https:\/\/fontawesome.com\/license\/free (Icons: CC BY 4.0, Fonts: SIL OFL 1.1, Code: MIT License) Copyright 2023 Fonticons, Inc. --><path d=\"M233.4 105.4c12.5-12.5 32.8-12.5 45.3 0l192 192c12.5 12.5 12.5 32.8 0 45.3s-32.8 12.5-45.3 0L256 173.3 86.6 342.6c-12.5 12.5-32.8 12.5-45.3 0s-12.5-32.8 0-45.3l192-192z\"\/><\/svg>\n                            <\/div>\n                  <\/button>\n      <\/h3>\n      <div role=\"region\" aria-labelledby=\"bde-faq-195-button-1\" id=\"bde-faq-195-1\" class=\"bde-faq__answer\">\n        <div class=\"bde-faq__answer-content\">\n            <div class=\"breakdance-rich-text-styles\">S\u00ed. A trav\u00e9s de nuestra plataforma de facturaci\u00f3n integrada, puede establecer sus propios precios, ciclos recurrentes y divisa. Sus clientes s\u00f3lo ven su marca, lo que le permite gestionar la relaci\u00f3n financiera totalmente bajo su propia identidad de agencia.<\/div>\n\n                    <\/div>\n      <\/div>\n    <\/div>\n      <div class=\"bde-faq__item\">\n      <h3 class=\"bde-faq__title-tag\">\n       <button id=\"bde-faq-195-button-2\" aria-expanded=\"false\" aria-controls=\"bde-faq-195-2\" class=\"bde-faq__question js-faq-item\">\n          <span class=\"bde-faq__title\">\u00bfCu\u00e1l es el compromiso m\u00ednimo?<\/span>\n                           <div aria-hidden=\"true\" class=\"bde-faq__icon bde-faq__icon--inactive\">\n                                <svg xmlns=\"http:\/\/www.w3.org\/2000\/svg\" viewbox=\"0 0 512 512\"><!--! Font Awesome Free 6.5.1 by @fontawesome - https:\/\/fontawesome.com License - https:\/\/fontawesome.com\/license\/free (Icons: CC BY 4.0, Fonts: SIL OFL 1.1, Code: MIT License) Copyright 2023 Fonticons, Inc. --><path d=\"M233.4 406.6c12.5 12.5 32.8 12.5 45.3 0l192-192c12.5-12.5 12.5-32.8 0-45.3s-32.8-12.5-45.3 0L256 338.7 86.6 169.4c-12.5-12.5-32.8-12.5-45.3 0s-12.5 32.8 0 45.3l192 192z\"\/><\/svg>\n                            <\/div>\n         \t  <div aria-hidden=\"true\" class=\"bde-faq__icon bde-faq__icon--active\">\n                                <svg xmlns=\"http:\/\/www.w3.org\/2000\/svg\" viewbox=\"0 0 512 512\"><!--! Font Awesome Free 6.5.1 by @fontawesome - https:\/\/fontawesome.com License - https:\/\/fontawesome.com\/license\/free (Icons: CC BY 4.0, Fonts: SIL OFL 1.1, Code: MIT License) Copyright 2023 Fonticons, Inc. --><path d=\"M233.4 105.4c12.5-12.5 32.8-12.5 45.3 0l192 192c12.5 12.5 12.5 32.8 0 45.3s-32.8 12.5-45.3 0L256 173.3 86.6 342.6c-12.5 12.5-32.8 12.5-45.3 0s-12.5-32.8 0-45.3l192-192z\"\/><\/svg>\n                            <\/div>\n                  <\/button>\n      <\/h3>\n      <div role=\"region\" aria-labelledby=\"bde-faq-195-button-2\" id=\"bde-faq-195-2\" class=\"bde-faq__answer\">\n        <div class=\"bde-faq__answer-content\">\n            <div class=\"breakdance-rich-text-styles\">Ninguno. Creemos en ganarnos su negocio cada mes. Todos nuestros planes para agencias son mensuales, sin contratos a largo plazo, lo que te da flexibilidad para ampliar o reducir tu cartera de clientes a medida que crece tu agencia.<\/div>\n\n                    <\/div>\n      <\/div>\n    <\/div>\n      <div class=\"bde-faq__item\">\n      <h3 class=\"bde-faq__title-tag\">\n       <button id=\"bde-faq-195-button-3\" aria-expanded=\"false\" aria-controls=\"bde-faq-195-3\" class=\"bde-faq__question js-faq-item\">\n          <span class=\"bde-faq__title\">\u00bfPuedo migrar los sitios de clientes existentes?<\/span>\n                           <div aria-hidden=\"true\" class=\"bde-faq__icon bde-faq__icon--inactive\">\n                                <svg xmlns=\"http:\/\/www.w3.org\/2000\/svg\" viewbox=\"0 0 512 512\"><!--! Font Awesome Free 6.5.1 by @fontawesome - https:\/\/fontawesome.com License - https:\/\/fontawesome.com\/license\/free (Icons: CC BY 4.0, Fonts: SIL OFL 1.1, Code: MIT License) Copyright 2023 Fonticons, Inc. --><path d=\"M233.4 406.6c12.5 12.5 32.8 12.5 45.3 0l192-192c12.5-12.5 12.5-32.8 0-45.3s-32.8-12.5-45.3 0L256 338.7 86.6 169.4c-12.5-12.5-32.8-12.5-45.3 0s-12.5 32.8 0 45.3l192 192z\"\/><\/svg>\n                            <\/div>\n         \t  <div aria-hidden=\"true\" class=\"bde-faq__icon bde-faq__icon--active\">\n                                <svg xmlns=\"http:\/\/www.w3.org\/2000\/svg\" viewbox=\"0 0 512 512\"><!--! Font Awesome Free 6.5.1 by @fontawesome - https:\/\/fontawesome.com License - https:\/\/fontawesome.com\/license\/free (Icons: CC BY 4.0, Fonts: SIL OFL 1.1, Code: MIT License) Copyright 2023 Fonticons, Inc. --><path d=\"M233.4 105.4c12.5-12.5 32.8-12.5 45.3 0l192 192c12.5 12.5 12.5 32.8 0 45.3s-32.8 12.5-45.3 0L256 173.3 86.6 342.6c-12.5 12.5-32.8 12.5-45.3 0s-12.5-32.8 0-45.3l192-192z\"\/><\/svg>\n                            <\/div>\n                  <\/button>\n      <\/h3>\n      <div role=\"region\" aria-labelledby=\"bde-faq-195-button-3\" id=\"bde-faq-195-3\" class=\"bde-faq__answer\">\n        <div class=\"bde-faq__answer-content\">\n            <div class=\"breakdance-rich-text-styles\">Por supuesto. Ofrecemos herramientas de migraci\u00f3n automatizadas que permiten trasladar sitios WordPress y Node.js sin problemas. Si tienes una cartera grande, nuestro equipo puede ayudarte a garantizar una transici\u00f3n sin tiempo de inactividad a nuestra infraestructura NVMe de alto rendimiento.<\/div>\n\n                    <\/div>\n      <\/div>\n    <\/div>\n      <div class=\"bde-faq__item\">\n      <h3 class=\"bde-faq__title-tag\">\n       <button id=\"bde-faq-195-button-4\" aria-expanded=\"false\" aria-controls=\"bde-faq-195-4\" class=\"bde-faq__question js-faq-item\">\n          <span class=\"bde-faq__title\">\u00bfTengo acceso root?<\/span>\n                           <div aria-hidden=\"true\" class=\"bde-faq__icon bde-faq__icon--inactive\">\n                                <svg xmlns=\"http:\/\/www.w3.org\/2000\/svg\" viewbox=\"0 0 512 512\"><!--! Font Awesome Free 6.5.1 by @fontawesome - https:\/\/fontawesome.com License - https:\/\/fontawesome.com\/license\/free (Icons: CC BY 4.0, Fonts: SIL OFL 1.1, Code: MIT License) Copyright 2023 Fonticons, Inc. --><path d=\"M233.4 406.6c12.5 12.5 32.8 12.5 45.3 0l192-192c12.5-12.5 12.5-32.8 0-45.3s-32.8-12.5-45.3 0L256 338.7 86.6 169.4c-12.5-12.5-32.8-12.5-45.3 0s-12.5 32.8 0 45.3l192 192z\"\/><\/svg>\n                            <\/div>\n         \t  <div aria-hidden=\"true\" class=\"bde-faq__icon bde-faq__icon--active\">\n                                <svg xmlns=\"http:\/\/www.w3.org\/2000\/svg\" viewbox=\"0 0 512 512\"><!--! Font Awesome Free 6.5.1 by @fontawesome - https:\/\/fontawesome.com License - https:\/\/fontawesome.com\/license\/free (Icons: CC BY 4.0, Fonts: SIL OFL 1.1, Code: MIT License) Copyright 2023 Fonticons, Inc. --><path d=\"M233.4 105.4c12.5-12.5 32.8-12.5 45.3 0l192 192c12.5 12.5 12.5 32.8 0 45.3s-32.8 12.5-45.3 0L256 173.3 86.6 342.6c-12.5 12.5-32.8 12.5-45.3 0s-12.5-32.8 0-45.3l192-192z\"\/><\/svg>\n                            <\/div>\n                  <\/button>\n      <\/h3>\n      <div role=\"region\" aria-labelledby=\"bde-faq-195-button-4\" id=\"bde-faq-195-4\" class=\"bde-faq__answer\">\n        <div class=\"bde-faq__answer-content\">\n            <div class=\"breakdance-rich-text-styles\">Para los planes Dedicados, s\u00ed, obtendr\u00e1 acceso root completo. En nuestros planes web y WordPress gestionados, nos encargamos del mantenimiento y la seguridad a nivel ra\u00edz para que puedas centrarte en la configuraci\u00f3n de alto nivel y la entrega al cliente sin quebraderos de cabeza en el lado del servidor.<\/div>\n\n                    <\/div>\n      <\/div>\n    <\/div>\n  \n<\/div><div class=\"bde-div-6521-196 bde-div\">\n  \n  \n\t\n\n\n\n<div class=\"bde-text-6521-197 bde-text\">\n\u00bfA\u00fan tiene preguntas?\n<\/div><div class=\"bde-button-6521-198 bde-button\">\n        \n    \n    \n    \n    \n            \n                    \n            \n            \n\n    \n    \n    \n    \n    \n    <a class=\"breakdance-link button-atom button-atom--text bde-button__button\" href=\"https:\/\/hostsalt.com\/es\/contacto\/\" target=\"_self\" data-type=\"url\"  >\n\n    \n        <span class=\"button-atom__text\">Contacte con nuestro equipo de asistencia<\/span>\n\n        \n        \n                <\/a>\n\n    \n\n\n<\/div>\n<\/div><\/div>\n<\/section><section class=\"bde-section-6521-179 bde-section\">\n  \n  \n\t\n\n\n\n<div class=\"section-container\"><h2 class=\"bde-heading-6521-180 bde-heading\">\nGestionado por el equipo de HostSalt\n<\/h2><div class=\"bde-checkmark-list-6521-190 bde-checkmark-list\">\n<ul class=\"horizontal-layout\">\n  \n              \n              \n    <li>\n      <span class='bde-checkmark-list__icon bde-checkmark-list__icon_yes  bg-yes'>\n                  <svg xmlns=\"http:\/\/www.w3.org\/2000\/svg\" viewbox=\"0 0 24 24\"><path d=\"M18.71,7.21a1,1,0,0,0-1.42,0L9.84,14.67,6.71,11.53A1,1,0,1,0,5.29,13l3.84,3.84a1,1,0,0,0,1.42,0l8.16-8.16A1,1,0,0,0,18.71,7.21Z\"\/><\/svg>\n              <\/span>\n      <div >\n        SLA de empresa\n      <\/div>\n\n    <\/li>\n\n  \n              \n              \n    <li>\n      <span class='bde-checkmark-list__icon bde-checkmark-list__icon_yes  bg-yes'>\n                  <svg xmlns=\"http:\/\/www.w3.org\/2000\/svg\" viewbox=\"0 0 24 24\"><path d=\"M18.71,7.21a1,1,0,0,0-1.42,0L9.84,14.67,6.71,11.53A1,1,0,1,0,5.29,13l3.84,3.84a1,1,0,0,0,1.42,0l8.16-8.16A1,1,0,0,0,18.71,7.21Z\"\/><\/svg>\n              <\/span>\n      <div >\n        ISO 27001\n      <\/div>\n\n    <\/li>\n\n  \n              \n              \n    <li>\n      <span class='bde-checkmark-list__icon bde-checkmark-list__icon_yes  bg-yes'>\n                  <svg xmlns=\"http:\/\/www.w3.org\/2000\/svg\" viewbox=\"0 0 24 24\"><path d=\"M18.71,7.21a1,1,0,0,0-1.42,0L9.84,14.67,6.71,11.53A1,1,0,1,0,5.29,13l3.84,3.84a1,1,0,0,0,1.42,0l8.16-8.16A1,1,0,0,0,18.71,7.21Z\"\/><\/svg>\n              <\/span>\n      <div >\n        Vigilancia 24\/7\n      <\/div>\n\n    <\/li>\n\n  <\/ul>\n\n<\/div><\/div>\n<\/section>","protected":false},"excerpt":{"rendered":"<p>Agency Partner Program The Silent Infrastructure Partner Your Agency Needs Scale your agency without the technical headaches. We handle the servers, security, and uptime so you can focus on building brilliant websites. Get In Touch Built for Agency Growth Everything you need to manage multiple clients efficiently under one roof. Your Silent Tech Team We [&hellip;]<\/p>\n","protected":false},"author":1,"featured_media":0,"parent":0,"menu_order":0,"comment_status":"closed","ping_status":"closed","template":"","meta":{"_breakdance_hide_in_design_set":false,"_breakdance_tags":"","footnotes":""},"class_list":["post-6521","page","type-page","status-publish","hentry"],"_links":{"self":[{"href":"https:\/\/hostsalt.com\/es\/wp-json\/wp\/v2\/pages\/6521","targetHints":{"allow":["GET"]}}],"collection":[{"href":"https:\/\/hostsalt.com\/es\/wp-json\/wp\/v2\/pages"}],"about":[{"href":"https:\/\/hostsalt.com\/es\/wp-json\/wp\/v2\/types\/page"}],"author":[{"embeddable":true,"href":"https:\/\/hostsalt.com\/es\/wp-json\/wp\/v2\/users\/1"}],"replies":[{"embeddable":true,"href":"https:\/\/hostsalt.com\/es\/wp-json\/wp\/v2\/comments?post=6521"}],"version-history":[{"count":5,"href":"https:\/\/hostsalt.com\/es\/wp-json\/wp\/v2\/pages\/6521\/revisions"}],"predecessor-version":[{"id":6638,"href":"https:\/\/hostsalt.com\/es\/wp-json\/wp\/v2\/pages\/6521\/revisions\/6638"}],"wp:attachment":[{"href":"https:\/\/hostsalt.com\/es\/wp-json\/wp\/v2\/media?parent=6521"}],"curies":[{"name":"wp","href":"https:\/\/api.w.org\/{rel}","templated":true}]}}