{"id":6608,"date":"2026-01-30T12:17:46","date_gmt":"2026-01-30T12:17:46","guid":{"rendered":"https:\/\/hostsalt.com\/?page_id=6608"},"modified":"2026-01-30T20:59:12","modified_gmt":"2026-01-30T20:59:12","slug":"desarrollador","status":"publish","type":"page","link":"https:\/\/hostsalt.com\/es\/developer\/","title":{"rendered":"Desarrollador"},"content":{"rendered":"<section class=\"bde-section-6608-100 bde-section\">\n  \n  \n\t\n\n\n\n<div class=\"section-container\"><div class=\"bde-columns-6608-105 bde-columns\"><div class=\"bde-column-6608-106 bde-column\">\n  \n  \n\t\n\n\n\n<div class=\"bde-text-6608-101 bde-text\">\nSistema listo\n<\/div><h1 class=\"bde-dual-heading-6608-102 bde-dual-heading\">\n\n\n            <span data-style=\"primary\" class=\"dual-heading--primary\">npm instalar<br><\/span>\n\n            <span data-style=\"secondary\" class=\"dual-heading--secondary\">tranquilidad<\/span>\n\n\n\n<\/h1><div class=\"bde-text-6608-103 bde-text\">\nEntornos Node.js listos para la producci\u00f3n sin necesidad de configuraci\u00f3n. Push to deploy, autoescalado y seguridad de nivel empresarial listos para usar.\n<\/div><div class=\"bde-button-6608-104 bde-button\">\n        \n    \n    \n    \n    \n            \n                    \n            \n            \n\n    \n    \n    \n    \n    \n    <a class=\"breakdance-link button-atom button-atom--custom button-atom--preset-6766824d-9be9-451f-9881-b7197ee20caa bde-button__button\" href=\"https:\/\/hostsalt.com\/es\/alojamiento\/\" target=\"_self\" data-type=\"url\"  >\n\n    \n        <span class=\"button-atom__text\">Inicie su solicitud hoy mismo<\/span>\n\n        \n        \n                <\/a>\n\n    \n\n\n<\/div>\n<\/div><div class=\"bde-column-6608-107 bde-column\">\n  \n  \n\t\n\n\n\n<img decoding=\"async\" class=\"bde-image2-6608-108 bde-image2\" src=\"https:\/\/hostsalt.com\/wp-content\/uploads\/2026\/01\/console.png\" loading=\"lazy\" srcset=\"https:\/\/hostsalt.com\/wp-content\/uploads\/2026\/01\/console.png 1210w, https:\/\/hostsalt.com\/wp-content\/uploads\/2026\/01\/console-300x168.png 300w, https:\/\/hostsalt.com\/wp-content\/uploads\/2026\/01\/console-1024x572.png 1024w, https:\/\/hostsalt.com\/wp-content\/uploads\/2026\/01\/console-768x429.png 768w, https:\/\/hostsalt.com\/wp-content\/uploads\/2026\/01\/console-18x10.png 18w\" sizes=\"(max-width: 1210px) 100vw, 1210px\" alt=\"\" title=\"\">\n<\/div><\/div><\/div>\n<\/section><section class=\"bde-section-6608-111 bde-section\">\n  \n  \n\t\n\n\n\n<div class=\"section-container\"><h2 class=\"bde-heading-6608-112 bde-heading\">\nEspecificaciones del sistema\n<\/h2><div class=\"bde-text-6608-113 bde-text\">\nHardware que no obstruye el bucle de entrada\/salida.<br>\n<\/div><div class=\"bde-div-6608-114 bde-div\">\n  \n  \n\t\n\n\n\n<div class=\"bde-icon-box-6608-115 bde-icon-box\">\n\n    \n            <div class=\"ee-iconbox-icon breakdance-icon-atom\" >\n    \n                    <svg xmlns=\"http:\/\/www.w3.org\/2000\/svg\" viewbox=\"0 0 512 512\"><!--! Font Awesome Free 6.5.1 by @fontawesome - https:\/\/fontawesome.com License - https:\/\/fontawesome.com\/license\/free (Icons: CC BY 4.0, Fonts: SIL OFL 1.1, Code: MIT License) Copyright 2023 Fonticons, Inc. --><path d=\"M0 96C0 60.7 28.7 32 64 32H448c35.3 0 64 28.7 64 64V280.4c-17-15.2-39.4-24.4-64-24.4H64c-24.6 0-47 9.2-64 24.4V96zM64 288H448c35.3 0 64 28.7 64 64v64c0 35.3-28.7 64-64 64H64c-35.3 0-64-28.7-64-64V352c0-35.3 28.7-64 64-64zM320 416a32 32 0 1 0 0-64 32 32 0 1 0 0 64zm128-32a32 32 0 1 0 -64 0 32 32 0 1 0 64 0z\"\/><\/svg>\n        \n        \n        \n            <\/div>\n    \n\n<div class=\"ee-iconbox-content\">\n      <p class=\"ee-iconbox-title bde-h3\" >Almacenamiento NVMe Gen4<\/p>\n        <div class=\"ee-iconbox-text\" >Aproveche la velocidad bruta del almacenamiento NVMe optimizado para cargas de trabajo Node.js. Nuestra infraestructura garantiza que su bucle de eventos se mantenga r\u00e1pido con E\/S de alto rendimiento para aplicaciones de datos intensivos.<br><br>\/ALMACENAMIENTO<\/div>\n    <\/div>\n\n<\/div><div class=\"bde-icon-box-6608-118 bde-icon-box\">\n\n    \n            <div class=\"ee-iconbox-icon breakdance-icon-atom\" >\n    \n                    <svg xmlns=\"http:\/\/www.w3.org\/2000\/svg\" id=\"icon-command\" viewbox=\"0 0 32 32\">\n<path d=\"M23 28c-2.757 0-5-2.243-5-5v-3h-4v3c0 2.757-2.243 5-5 5s-5-2.243-5-5 2.243-5 5-5h3v-4h-3c-2.757 0-5-2.243-5-5s2.243-5 5-5 5 2.243 5 5v3h4v-3c0-2.757 2.243-5 5-5s5 2.243 5 5-2.243 5-5 5h-3v4h3c2.757 0 5 2.243 5 5s-2.243 5-5 5zM20 20v3c0 1.654 1.346 3 3 3s3-1.346 3-3-1.346-3-3-3h-3zM9 20c-1.654 0-3 1.346-3 3s1.346 3 3 3 3-1.346 3-3v-3h-3zM14 18h4v-4h-4v4zM20 12h3c1.654 0 3-1.346 3-3s-1.346-3-3-3-3 1.346-3 3v3zM9 6c-1.654 0-3 1.346-3 3s1.346 3 3 3h3v-3c0-1.654-1.346-3-3-3z\"\/>\n<\/svg>\n        \n        \n        \n            <\/div>\n    \n\n<div class=\"ee-iconbox-content\">\n      <p class=\"ee-iconbox-title bde-h3\" >Acceso SSH para desarrolladores<\/p>\n        <div class=\"ee-iconbox-text\" >Acceso SSH completo adaptado para desarrolladores. Gestiona tu entorno con Node.js, npm y Git preinstalados. Despliega y gestiona los archivos de tu aplicaci\u00f3n directamente con herramientas CLI est\u00e1ndar.<br><br>\/ACCESO<\/div>\n    <\/div>\n\n<\/div><div class=\"bde-icon-box-6608-119 bde-icon-box\">\n\n    \n            <div class=\"ee-iconbox-icon breakdance-icon-atom\" >\n    \n                    <svg xmlns=\"http:\/\/www.w3.org\/2000\/svg\" viewbox=\"0 0 512 512\"><!--! Font Awesome Free 6.5.1 by @fontawesome - https:\/\/fontawesome.com License - https:\/\/fontawesome.com\/license\/free (Icons: CC BY 4.0, Fonts: SIL OFL 1.1, Code: MIT License) Copyright 2023 Fonticons, Inc. --><path d=\"M0 96C0 60.7 28.7 32 64 32H448c35.3 0 64 28.7 64 64V280.4c-17-15.2-39.4-24.4-64-24.4H64c-24.6 0-47 9.2-64 24.4V96zM64 288H448c35.3 0 64 28.7 64 64v64c0 35.3-28.7 64-64 64H64c-35.3 0-64-28.7-64-64V352c0-35.3 28.7-64 64-64zM320 416a32 32 0 1 0 0-64 32 32 0 1 0 0 64zm128-32a32 32 0 1 0 -64 0 32 32 0 1 0 64 0z\"\/><\/svg>\n        \n        \n        \n            <\/div>\n    \n\n<div class=\"ee-iconbox-content\">\n      <p class=\"ee-iconbox-title bde-h3\" >Gesti\u00f3n instant\u00e1nea de aplicaciones<\/p>\n        <div class=\"ee-iconbox-text\" >Despliegue y escale f\u00e1cilmente aplicaciones Node.js a trav\u00e9s de un panel de control simplificado. Inicie, detenga y reinicie procesos al instante, y cambie entre versiones de Node.js con un solo clic.<br><br>\/APP<\/div>\n    <\/div>\n\n<\/div>\n<\/div><div class=\"bde-div-6608-120 bde-div\">\n  \n  \n\t\n\n\n\n<div class=\"bde-icon-box-6608-121 bde-icon-box\">\n\n    \n            <div class=\"ee-iconbox-icon breakdance-icon-atom\" >\n    \n                    <svg xmlns=\"http:\/\/www.w3.org\/2000\/svg\" viewbox=\"0 0 512 512\"><!--! Font Awesome Free 6.5.1 by @fontawesome - https:\/\/fontawesome.com License - https:\/\/fontawesome.com\/license\/free (Icons: CC BY 4.0, Fonts: SIL OFL 1.1, Code: MIT License) Copyright 2023 Fonticons, Inc. --><path d=\"M0 96C0 60.7 28.7 32 64 32H448c35.3 0 64 28.7 64 64V280.4c-17-15.2-39.4-24.4-64-24.4H64c-24.6 0-47 9.2-64 24.4V96zM64 288H448c35.3 0 64 28.7 64 64v64c0 35.3-28.7 64-64 64H64c-35.3 0-64-28.7-64-64V352c0-35.3 28.7-64 64-64zM320 416a32 32 0 1 0 0-64 32 32 0 1 0 0 64zm128-32a32 32 0 1 0 -64 0 32 32 0 1 0 64 0z\"\/><\/svg>\n        \n        \n        \n            <\/div>\n    \n\n<div class=\"ee-iconbox-content\">\n      <p class=\"ee-iconbox-title bde-h3\" >Aislamiento en contenedores<\/p>\n        <div class=\"ee-iconbox-text\" >Sus aplicaciones se ejecutan en contenedores seguros y aislados. Este entorno garantiza la protecci\u00f3n del c\u00f3digo y gestiona el uso de recursos para ofrecer un rendimiento constante.<br><br>\/AISLAMIENTO<\/div>\n    <\/div>\n\n<\/div><div class=\"bde-icon-box-6608-122 bde-icon-box\">\n\n    \n            <div class=\"ee-iconbox-icon breakdance-icon-atom\" >\n    \n                    <svg xmlns=\"http:\/\/www.w3.org\/2000\/svg\" id=\"icon-command\" viewbox=\"0 0 32 32\">\n<path d=\"M23 28c-2.757 0-5-2.243-5-5v-3h-4v3c0 2.757-2.243 5-5 5s-5-2.243-5-5 2.243-5 5-5h3v-4h-3c-2.757 0-5-2.243-5-5s2.243-5 5-5 5 2.243 5 5v3h4v-3c0-2.757 2.243-5 5-5s5 2.243 5 5-2.243 5-5 5h-3v4h3c2.757 0 5 2.243 5 5s-2.243 5-5 5zM20 20v3c0 1.654 1.346 3 3 3s3-1.346 3-3-1.346-3-3-3h-3zM9 20c-1.654 0-3 1.346-3 3s1.346 3 3 3 3-1.346 3-3v-3h-3zM14 18h4v-4h-4v4zM20 12h3c1.654 0 3-1.346 3-3s-1.346-3-3-3-3 1.346-3 3v3zM9 6c-1.654 0-3 1.346-3 3s1.346 3 3 3h3v-3c0-1.654-1.346-3-3-3z\"\/>\n<\/svg>\n        \n        \n        \n            <\/div>\n    \n\n<div class=\"ee-iconbox-content\">\n      <p class=\"ee-iconbox-title bde-h3\" >Seguridad y cach\u00e9 integrados<\/p>\n        <div class=\"ee-iconbox-text\" >Aproveche el almacenamiento en cach\u00e9 Redis integrado y los protocolos de seguridad por sitio. Mejora el rendimiento y la seguridad de tu app sin necesidad de complejas configuraciones de terceros.<br><br>\/SEGURIDAD<\/div>\n    <\/div>\n\n<\/div><div class=\"bde-icon-box-6608-123 bde-icon-box\">\n\n    \n            <div class=\"ee-iconbox-icon breakdance-icon-atom\" >\n    \n                    <svg xmlns=\"http:\/\/www.w3.org\/2000\/svg\" viewbox=\"0 0 512 512\"><!--! Font Awesome Free 6.5.1 by @fontawesome - https:\/\/fontawesome.com License - https:\/\/fontawesome.com\/license\/free (Icons: CC BY 4.0, Fonts: SIL OFL 1.1, Code: MIT License) Copyright 2023 Fonticons, Inc. --><path d=\"M0 96C0 60.7 28.7 32 64 32H448c35.3 0 64 28.7 64 64V280.4c-17-15.2-39.4-24.4-64-24.4H64c-24.6 0-47 9.2-64 24.4V96zM64 288H448c35.3 0 64 28.7 64 64v64c0 35.3-28.7 64-64 64H64c-35.3 0-64-28.7-64-64V352c0-35.3 28.7-64 64-64zM320 416a32 32 0 1 0 0-64 32 32 0 1 0 0 64zm128-32a32 32 0 1 0 -64 0 32 32 0 1 0 64 0z\"\/><\/svg>\n        \n        \n        \n            <\/div>\n    \n\n<div class=\"ee-iconbox-content\">\n      <p class=\"ee-iconbox-title bde-h3\" >Supervisi\u00f3n centralizada de registros<\/p>\n        <div class=\"ee-iconbox-text\" >Depure m\u00e1s r\u00e1pido con acceso en tiempo real a los registros de la aplicaci\u00f3n directamente desde su panel de control. Supervisa la producci\u00f3n de tu aplicaci\u00f3n y los eventos del sistema para mantener el m\u00e1ximo rendimiento.<br><br><br>\/LOG<\/div>\n    <\/div>\n\n<\/div>\n<\/div><\/div>\n<\/section><section class=\"bde-section-6608-124 bde-section\">\n  \n  \n\t\n\n\n\n<div class=\"section-container\"><h2 class=\"bde-heading-6608-125 bde-heading\">\n\/etc\/especificaciones\n<\/h2><div class=\"bde-div-6608-141 bde-div\">\n  \n  \n\t\n\n\n\n<div class=\"bde-columns-6608-146 bde-columns\"><div class=\"bde-column-6608-147 bde-column\">\n  \n  \n\t\n\n\n\n<h3 class=\"bde-heading-6608-136 bde-heading\">\nComponente\n<\/h3>\n<\/div><div class=\"bde-column-6608-148 bde-column\">\n  \n  \n\t\n\n\n\n<h3 class=\"bde-heading-6608-137 bde-heading\">\nDetalles\n<\/h3>\n<\/div><\/div><div class=\"bde-fancy-divider-6608-178 bde-fancy-divider\">\n\n\n<div class=\"bde-fancy-divider__wrapper\">\n  <div class=\"bde-fancy-divider__separator\">\n  \t  <\/div>\n<\/div>\n\n<\/div><div class=\"bde-columns-6608-150 bde-columns\"><div class=\"bde-column-6608-151 bde-column\">\n  \n  \n\t\n\n\n\n<h3 class=\"bde-heading-6608-152 bde-heading\">\nTiempo de ejecuci\u00f3n\n<\/h3>\n<\/div><div class=\"bde-column-6608-153 bde-column\">\n  \n  \n\t\n\n\n\n<h3 class=\"bde-heading-6608-154 bde-heading\">\nVersiones LTS de Node.js gestionadas a trav\u00e9s del panel de control, con versiones seleccionables por aplicaci\u00f3n (por ejemplo, la LTS activa actual y la \u00faltima estable).\n<\/h3>\n<\/div><\/div><div class=\"bde-fancy-divider-6608-181 bde-fancy-divider\">\n\n\n<div class=\"bde-fancy-divider__wrapper\">\n  <div class=\"bde-fancy-divider__separator\">\n  \t  <\/div>\n<\/div>\n\n<\/div><div class=\"bde-columns-6608-157 bde-columns\"><div class=\"bde-column-6608-158 bde-column\">\n  \n  \n\t\n\n\n\n<h3 class=\"bde-heading-6608-159 bde-heading\">\nMemoria\n<\/h3>\n<\/div><div class=\"bde-column-6608-160 bde-column\">\n  \n  \n\t\n\n\n\n<h3 class=\"bde-heading-6608-161 bde-heading\">\nRAM ECC DDR4\/DDR5 de calidad empresarial en los servidores subyacentes, con l\u00edmites de recursos ajustados para cargas de trabajo multiusuario estables.\n<\/h3>\n<\/div><\/div><div class=\"bde-fancy-divider-6608-180 bde-fancy-divider\">\n\n\n<div class=\"bde-fancy-divider__wrapper\">\n  <div class=\"bde-fancy-divider__separator\">\n  \t  <\/div>\n<\/div>\n\n<\/div><div class=\"bde-columns-6608-164 bde-columns\"><div class=\"bde-column-6608-165 bde-column\">\n  \n  \n\t\n\n\n\n<h3 class=\"bde-heading-6608-166 bde-heading\">\nBase de datos\n<\/h3>\n<\/div><div class=\"bde-column-6608-167 bde-column\">\n  \n  \n\t\n\n\n\n<h3 class=\"bde-heading-6608-168 bde-heading\">\nBases de datos MySQL\/MariaDB gestionadas incluidas por sitio, con PostgreSQL o MongoDB externas opcionales disponibles a petici\u00f3n o mediante servicios complementarios.\n<\/h3>\n<\/div><\/div><div class=\"bde-fancy-divider-6608-182 bde-fancy-divider\">\n\n\n<div class=\"bde-fancy-divider__wrapper\">\n  <div class=\"bde-fancy-divider__separator\">\n  \t  <\/div>\n<\/div>\n\n<\/div><div class=\"bde-columns-6608-171 bde-columns\"><div class=\"bde-column-6608-172 bde-column\">\n  \n  \n\t\n\n\n\n<h3 class=\"bde-heading-6608-173 bde-heading\">\nAncho de banda\n<\/h3>\n<\/div><div class=\"bde-column-6608-174 bde-column\">\n  \n  \n\t\n\n\n\n<h3 class=\"bde-heading-6608-175 bde-heading\">\nEnlaces ascendentes de red de alta capacidad con generosas asignaciones de tr\u00e1fico y sin estrangulamiento artificial en patrones de uso normales.\n<\/h3>\n<\/div><\/div>\n<\/div><\/div>\n<\/section>","protected":false},"excerpt":{"rendered":"<p>System ready npm install peace-of-mind Production-ready Node.js environments with zero configuration. Push to deploy, auto-scaling, and enterprise-grade security out of the box. Start Your Application Today System Specifications Hardware that doesn&#8217;t bottle-neck your IO loop. NVMe Gen4 Storage Leverage the raw speed of NVMe storage optimized for Node.js workloads. Our infrastructure ensures your event loop [&hellip;]<\/p>\n","protected":false},"author":1,"featured_media":0,"parent":0,"menu_order":0,"comment_status":"closed","ping_status":"closed","template":"","meta":{"_breakdance_hide_in_design_set":false,"_breakdance_tags":"","footnotes":""},"class_list":["post-6608","page","type-page","status-publish","hentry"],"_links":{"self":[{"href":"https:\/\/hostsalt.com\/es\/wp-json\/wp\/v2\/pages\/6608","targetHints":{"allow":["GET"]}}],"collection":[{"href":"https:\/\/hostsalt.com\/es\/wp-json\/wp\/v2\/pages"}],"about":[{"href":"https:\/\/hostsalt.com\/es\/wp-json\/wp\/v2\/types\/page"}],"author":[{"embeddable":true,"href":"https:\/\/hostsalt.com\/es\/wp-json\/wp\/v2\/users\/1"}],"replies":[{"embeddable":true,"href":"https:\/\/hostsalt.com\/es\/wp-json\/wp\/v2\/comments?post=6608"}],"version-history":[{"count":5,"href":"https:\/\/hostsalt.com\/es\/wp-json\/wp\/v2\/pages\/6608\/revisions"}],"predecessor-version":[{"id":6648,"href":"https:\/\/hostsalt.com\/es\/wp-json\/wp\/v2\/pages\/6608\/revisions\/6648"}],"wp:attachment":[{"href":"https:\/\/hostsalt.com\/es\/wp-json\/wp\/v2\/media?parent=6608"}],"curies":[{"name":"wp","href":"https:\/\/api.w.org\/{rel}","templated":true}]}}