{"id":12,"date":"2025-10-09T09:50:28","date_gmt":"2025-10-09T09:50:28","guid":{"rendered":"https:\/\/hostsalt.com\/?page_id=12"},"modified":"2026-01-17T22:15:34","modified_gmt":"2026-01-17T22:15:34","slug":"a-propos-de","status":"publish","type":"page","link":"https:\/\/hostsalt.com\/fr\/about\/","title":{"rendered":"\u00c0 Propos"},"content":{"rendered":"<section class=\"bde-section-12-246 bde-section\">\n  \n  \n\t\n\n\n\n<div class=\"section-container\"><div class=\"bde-columns-12-247 bde-columns\"><div class=\"bde-column-12-248 bde-column\">\n  \n  \n\t\n\n\n\n<div class=\"bde-text-12-249 bde-text bde-preset-57b0b835-f44e-4f87-9194-600921eaf12e\">\nA propos de HostSalt<br>\n<\/div><h1 class=\"bde-dual-heading-12-250 bde-dual-heading\">\n\n\n            <span data-style=\"primary\" class=\"dual-heading--primary\">Alimentation <br><\/span>\n\n            <span data-style=\"secondary\" class=\"dual-heading--secondary\">R\u00eaves num\u00e9riques <\/span>\n\n\n\n<\/h1><div class=\"bde-text-12-251 bde-text\">\nHostSalt, powered by Bold &amp; Digital, est un fournisseur d'h\u00e9bergement g\u00e9r\u00e9 qui s'occupe de la performance, de la s\u00e9curit\u00e9 et du temps de fonctionnement pour vous. Au lieu d'apprendre \u00e0 conna\u00eetre les serveurs, vous choisissez un plan, nous nous occupons de l'installation et votre site fonctionne sur une infrastructure en nuage rapide et s\u00e9curis\u00e9e.\n<\/div><div class=\"bde-div-12-252 bde-div\">\n  \n  \n\t\n\n\n\n<div class=\"bde-button-12-253 bde-button\">\n        \n    \n    \n    \n    \n            \n            <button type=\"button\" class=\"button-atom button-atom--primary bde-button__button\"  >\n    \n        <span class=\"button-atom__text\">Commencer maintenant<\/span>\n\n        \n        \n            <\/button>\n    \n\n\n<\/div>\n<\/div>\n<\/div><div class=\"bde-column-12-254 bde-column\">\n  \n  \n\t\n\n\n\n<img decoding=\"async\" class=\"bde-image2-12-255 bde-image2\" src=\"https:\/\/hostsalt.com\/wp-content\/uploads\/2025\/12\/hostsalt-city-about.svg\" alt=\"Hostalt \u00c0 propos de nous Ville\" title=\"\">\n<\/div><\/div><\/div>\n<\/section><main class=\"bde-section-12-256 bde-section\">\n  \n  \n\t\n\n\n\n<div class=\"section-container\"><div class=\"bde-columns-12-257 bde-columns\"><div class=\"bde-column-12-258 bde-column\">\n  \n  \n\t\n\n\n\n<h2 class=\"bde-heading-12-259 bde-heading\">\nNotre histoire\n<\/h2><div class=\"bde-rich-text-12-260 bde-rich-text breakdance-rich-text-styles\">\n<p>HostSalt a \u00e9t\u00e9 con\u00e7u pour les chefs d'entreprise qui souhaitent b\u00e9n\u00e9ficier d'un h\u00e9bergement de qualit\u00e9 sup\u00e9rieure sans pour autant devenir des administrateurs syst\u00e8me.<\/p>\n<p>Fond\u00e9e en 2021, HostSalt a d\u00e9marr\u00e9 avec une mission simple : rendre l'h\u00e9bergement professionnel, rapide et s\u00e9curis\u00e9 accessible aux petites entreprises, aux agences et aux cr\u00e9ateurs qui ne vivent pas dans le terminal. Ce qui a commenc\u00e9 comme une petite \u00e9quipe de sp\u00e9cialistes de l'h\u00e9bergement et du commerce \u00e9lectronique est devenu un fournisseur mondial desservant plus de 1 000 clients \u00e0 travers l'Europe, les \u00c9tats-Unis et l'Am\u00e9rique latine.<\/p>\n<p>Gr\u00e2ce \u00e0 notre partenariat avec\u00a0<a class=\"reset interactable cursor-pointer decoration-1 underline-offset-1 text-super hover:underline font-semibold\" href=\"https:\/\/boldandigital.com\/\" target=\"_blank\" rel=\"nofollow noopener\"><span class=\"text-box-trim-both\">Audacieux et num\u00e9rique<\/span><\/a>, En tant qu'h\u00e9bergeur, nous combinons une expertise technique approfondie avec une exp\u00e9rience en mati\u00e8re de conception et de marketing. Cela signifie que votre h\u00e9bergement est con\u00e7u non seulement pour \u00eatre stable, mais aussi pour aider votre site \u00e0 se charger rapidement, \u00e0 mieux se classer et \u00e0 convertir plus de visiteurs en clients.<\/p>\n<p>Aujourd'hui, nous g\u00e9rons notre propre infrastructure cloud moderne dans plusieurs centres de donn\u00e9es \u00e0 travers le monde. Votre site est h\u00e9berg\u00e9 \u00e0 proximit\u00e9 de votre public avec un stockage NVMe, LiteSpeed, et une configuration de s\u00e9curit\u00e9 prioritaire, soutenue par une \u00e9quipe d'assistance 24\/7 qui r\u00e9pond r\u00e9ellement.<\/p>\n<\/div>\n<\/div><div class=\"bde-column-12-261 bde-column\">\n  \n  \n\t\n\n\n\n<div class=\"bde-div-12-262 bde-div\">\n  \n  \n\t\n\n\n\n<div class=\"bde-icon-list-12-263 bde-icon-list bde-icon-list--background\">\n<ul>\n  \n              \n    <li>\n              <div class='bde-icon-list__item-wrapper'>\n      \n      <span class='bde-icon-list__icon' aria-hidden='true'>\n        <svg xmlns=\"http:\/\/www.w3.org\/2000\/svg\" viewbox=\"0 0 512 512\"><!--! Font Awesome Free 6.5.1 by @fontawesome - https:\/\/fontawesome.com License - https:\/\/fontawesome.com\/license\/free (Icons: CC BY 4.0, Fonts: SIL OFL 1.1, Code: MIT License) Copyright 2023 Fonticons, Inc. --><path d=\"M448 256A192 192 0 1 0 64 256a192 192 0 1 0 384 0zM0 256a256 256 0 1 1 512 0A256 256 0 1 1 0 256zm256 80a80 80 0 1 0 0-160 80 80 0 1 0 0 160zm0-224a144 144 0 1 1 0 288 144 144 0 1 1 0-288zM224 256a32 32 0 1 1 64 0 32 32 0 1 1 -64 0z\"\/><\/svg>\n      <\/span>\n      <span class='bde-icon-list__text' >\n      Notre mission\n      <\/span>\n              <\/div>\n      \n    <\/li>\n\n  <\/ul>\n\n<\/div><div class=\"bde-text-12-264 bde-text\">\nFournir un h\u00e9bergement g\u00e9r\u00e9 de classe mondiale qui permet aux particuliers et aux entreprises de construire, de se d\u00e9velopper et d'\u00e9voluer en ligne sans se soucier des serveurs, des mises \u00e0 jour ou des temps d'arr\u00eat. Nous pensons que tout site web s\u00e9rieux m\u00e9rite un h\u00e9bergement rapide, s\u00e9curis\u00e9 et fiable, avec une assistance humaine lorsque cela est important.\n<\/div><div class=\"bde-grid-12-265 bde-grid\">\n  \n  \n\t\n\n\n\n<div class=\"bde-icon-box-12-266 bde-icon-box\">\n\n    \n            <div class=\"ee-iconbox-icon breakdance-icon-atom\" >\n    \n                    <svg xmlns=\"http:\/\/www.w3.org\/2000\/svg\" viewbox=\"0 0 640 512\"><!--! Font Awesome Free 6.5.1 by @fontawesome - https:\/\/fontawesome.com License - https:\/\/fontawesome.com\/license\/free (Icons: CC BY 4.0, Fonts: SIL OFL 1.1, Code: MIT License) Copyright 2023 Fonticons, Inc. --><path d=\"M96 128a128 128 0 1 1 256 0A128 128 0 1 1 96 128zM0 482.3C0 383.8 79.8 304 178.3 304h91.4C368.2 304 448 383.8 448 482.3c0 16.4-13.3 29.7-29.7 29.7H29.7C13.3 512 0 498.7 0 482.3zM609.3 512H471.4c5.4-9.4 8.6-20.3 8.6-32v-8c0-60.7-27.1-115.2-69.8-151.8c2.4-.1 4.7-.2 7.1-.2h61.4C567.8 320 640 392.2 640 481.3c0 17-13.8 30.7-30.7 30.7zM432 256c-31 0-59-12.6-79.3-32.9C372.4 196.5 384 163.6 384 128c0-26.8-6.6-52.1-18.3-74.3C384.3 40.1 407.2 32 432 32c61.9 0 112 50.1 112 112s-50.1 112-112 112z\"\/><\/svg>\n        \n        \n        \n            <\/div>\n    \n\n<div class=\"ee-iconbox-content\">\n      <p class=\"ee-iconbox-title bde-h3\" >1000+<\/p>\n        <div class=\"ee-iconbox-text\" >Clients Heureux<\/div>\n    <\/div>\n\n<\/div><div class=\"bde-icon-box-12-267 bde-icon-box\">\n\n    \n            <div class=\"ee-iconbox-icon breakdance-icon-atom\" >\n    \n                    <svg xmlns=\"http:\/\/www.w3.org\/2000\/svg\" viewbox=\"0 0 576 512\"><!--! Font Awesome Free 6.5.1 by @fontawesome - https:\/\/fontawesome.com License - https:\/\/fontawesome.com\/license\/free (Icons: CC BY 4.0, Fonts: SIL OFL 1.1, Code: MIT License) Copyright 2023 Fonticons, Inc. --><path d=\"M384 160c-17.7 0-32-14.3-32-32s14.3-32 32-32H544c17.7 0 32 14.3 32 32V288c0 17.7-14.3 32-32 32s-32-14.3-32-32V205.3L342.6 374.6c-12.5 12.5-32.8 12.5-45.3 0L192 269.3 54.6 406.6c-12.5 12.5-32.8 12.5-45.3 0s-12.5-32.8 0-45.3l160-160c12.5-12.5 32.8-12.5 45.3 0L320 306.7 466.7 160H384z\"\/><\/svg>\n        \n        \n        \n            <\/div>\n    \n\n<div class=\"ee-iconbox-content\">\n      <p class=\"ee-iconbox-title bde-h3\" >99.99%<\/p>\n        <div class=\"ee-iconbox-text\" >SLA de disponibilit\u00e9<\/div>\n    <\/div>\n\n<\/div><div class=\"bde-icon-box-12-268 bde-icon-box\">\n\n    \n            <div class=\"ee-iconbox-icon breakdance-icon-atom\" >\n    \n                    <svg xmlns=\"http:\/\/www.w3.org\/2000\/svg\" viewbox=\"0 0 512 512\"><!--! Font Awesome Free 6.5.1 by @fontawesome - https:\/\/fontawesome.com License - https:\/\/fontawesome.com\/license\/free (Icons: CC BY 4.0, Fonts: SIL OFL 1.1, Code: MIT License) Copyright 2023 Fonticons, Inc. --><path d=\"M47.6 300.4L228.3 469.1c7.5 7 17.4 10.9 27.7 10.9s20.2-3.9 27.7-10.9L464.4 300.4c30.4-28.3 47.6-68 47.6-109.5v-5.8c0-69.9-50.5-129.5-119.4-141C347 36.5 300.6 51.4 268 84L256 96 244 84c-32.6-32.6-79-47.5-124.6-39.9C50.5 55.6 0 115.2 0 185.1v5.8c0 41.5 17.2 81.2 47.6 109.5z\"\/><\/svg>\n        \n        \n        \n            <\/div>\n    \n\n<div class=\"ee-iconbox-content\">\n      <p class=\"ee-iconbox-title bde-h3\" >24\/7<\/p>\n        <div class=\"ee-iconbox-text\" >Assistance par des experts<\/div>\n    <\/div>\n\n<\/div><div class=\"bde-icon-box-12-269 bde-icon-box\">\n\n    \n            <div class=\"ee-iconbox-icon breakdance-icon-atom\" >\n    \n                    <svg xmlns=\"http:\/\/www.w3.org\/2000\/svg\" viewbox=\"0 0 512 512\"><!--! Font Awesome Free 6.5.1 by @fontawesome - https:\/\/fontawesome.com License - https:\/\/fontawesome.com\/license\/free (Icons: CC BY 4.0, Fonts: SIL OFL 1.1, Code: MIT License) Copyright 2023 Fonticons, Inc. --><path d=\"M4.1 38.2C1.4 34.2 0 29.4 0 24.6C0 11 11 0 24.6 0H133.9c11.2 0 21.7 5.9 27.4 15.5l68.5 114.1c-48.2 6.1-91.3 28.6-123.4 61.9L4.1 38.2zm503.7 0L405.6 191.5c-32.1-33.3-75.2-55.8-123.4-61.9L350.7 15.5C356.5 5.9 366.9 0 378.1 0H487.4C501 0 512 11 512 24.6c0 4.8-1.4 9.6-4.1 13.6zM80 336a176 176 0 1 1 352 0A176 176 0 1 1 80 336zm184.4-94.9c-3.4-7-13.3-7-16.8 0l-22.4 45.4c-1.4 2.8-4 4.7-7 5.1L168 298.9c-7.7 1.1-10.7 10.5-5.2 16l36.3 35.4c2.2 2.2 3.2 5.2 2.7 8.3l-8.6 49.9c-1.3 7.6 6.7 13.5 13.6 9.9l44.8-23.6c2.7-1.4 6-1.4 8.7 0l44.8 23.6c6.9 3.6 14.9-2.2 13.6-9.9l-8.6-49.9c-.5-3 .5-6.1 2.7-8.3l36.3-35.4c5.6-5.4 2.5-14.8-5.2-16l-50.1-7.3c-3-.4-5.7-2.4-7-5.1l-22.4-45.4z\"\/><\/svg>\n        \n        \n        \n            <\/div>\n    \n\n<div class=\"ee-iconbox-content\">\n      <p class=\"ee-iconbox-title bde-h3\" >5+<\/p>\n        <div class=\"ee-iconbox-text\" >Ann\u00e9es d'exp\u00e9rience<\/div>\n    <\/div>\n\n<\/div>\n<\/div>\n<\/div>\n<\/div><\/div><\/div>\n<\/main>","protected":false},"excerpt":{"rendered":"<p>About HostSalt Powering Digital Dreams HostSalt, powered by Bold &#038; Digital, is a boutique managed hosting provider that takes care of performance, security, and uptime for you. Instead of learning servers, you pick a plan, we handle the setup, and your site runs on fast, secure cloud infrastructure. Get Started Now Our Story HostSalt was [&hellip;]<\/p>\n","protected":false},"author":1,"featured_media":0,"parent":0,"menu_order":0,"comment_status":"closed","ping_status":"closed","template":"","meta":{"_breakdance_hide_in_design_set":false,"_breakdance_tags":"","footnotes":""},"class_list":["post-12","page","type-page","status-publish","hentry"],"_links":{"self":[{"href":"https:\/\/hostsalt.com\/fr\/wp-json\/wp\/v2\/pages\/12","targetHints":{"allow":["GET"]}}],"collection":[{"href":"https:\/\/hostsalt.com\/fr\/wp-json\/wp\/v2\/pages"}],"about":[{"href":"https:\/\/hostsalt.com\/fr\/wp-json\/wp\/v2\/types\/page"}],"author":[{"embeddable":true,"href":"https:\/\/hostsalt.com\/fr\/wp-json\/wp\/v2\/users\/1"}],"replies":[{"embeddable":true,"href":"https:\/\/hostsalt.com\/fr\/wp-json\/wp\/v2\/comments?post=12"}],"version-history":[{"count":5,"href":"https:\/\/hostsalt.com\/fr\/wp-json\/wp\/v2\/pages\/12\/revisions"}],"predecessor-version":[{"id":6438,"href":"https:\/\/hostsalt.com\/fr\/wp-json\/wp\/v2\/pages\/12\/revisions\/6438"}],"wp:attachment":[{"href":"https:\/\/hostsalt.com\/fr\/wp-json\/wp\/v2\/media?parent=12"}],"curies":[{"name":"wp","href":"https:\/\/api.w.org\/{rel}","templated":true}]}}